{"id":389,"date":"2018-01-25T10:55:45","date_gmt":"2018-01-25T10:55:45","guid":{"rendered":"http:\/\/www.fimill.com\/?page_id=389"},"modified":"2026-04-05T23:20:18","modified_gmt":"2026-04-05T22:20:18","slug":"kontakty","status":"publish","type":"page","link":"https:\/\/www.fimill.com\/index.php\/kontakty\/","title":{"rendered":"Kontakt"},"content":{"rendered":"<h1 style=\"text-align: center;\">KONTAKT | Odborn\u00edci na zpracov\u00e1n\u00ed materi\u00e1l\u016f, \u010cesk\u00e1 republika | FIMILL<\/h1>\n<p>&nbsp;<\/p>\n<p><strong>S\u00cdDLO A ADMINISTRATIVA<img loading=\"lazy\" decoding=\"async\" class=\"alignleft wp-image-10890\" src=\"https:\/\/www.fimill.com\/wp-content\/uploads\/2024\/03\/shutterstock_77180641_upraveno-scaled-e1710031484596.jpeg\" alt=\"\" width=\"507\" height=\"493\" srcset=\"https:\/\/www.fimill.com\/wp-content\/uploads\/2024\/03\/shutterstock_77180641_upraveno-scaled-e1710031484596.jpeg 1757w, https:\/\/www.fimill.com\/wp-content\/uploads\/2024\/03\/shutterstock_77180641_upraveno-scaled-e1710031484596-300x292.jpeg 300w, https:\/\/www.fimill.com\/wp-content\/uploads\/2024\/03\/shutterstock_77180641_upraveno-scaled-e1710031484596-1024x996.jpeg 1024w, https:\/\/www.fimill.com\/wp-content\/uploads\/2024\/03\/shutterstock_77180641_upraveno-scaled-e1710031484596-768x747.jpeg 768w, https:\/\/www.fimill.com\/wp-content\/uploads\/2024\/03\/shutterstock_77180641_upraveno-scaled-e1710031484596-1536x1494.jpeg 1536w\" sizes=\"auto, (max-width: 507px) 100vw, 507px\" \/><\/strong><\/p>\n<p>FIMILL s.r.o.<br \/>\nSladkovsk\u00e9ho n\u00e1m\u011bst\u00ed 312\/2<br \/>\n130 00 Praha 3 &#8211; \u017di\u017ekov<br \/>\n<a href=\"https:\/\/maps.app.goo.gl\/M4wY4pwKsxdqXjHY6\" target=\"_blank\" rel=\"noopener\">(viz mapa)<\/a><\/p>\n<p>&nbsp;<\/p>\n<p style=\"text-align: left;\">Telefon: (+420) 608 703 250<br \/>\nE-mail: <a href=\"mailto:info@fimill.com\">info@fimill.com<br \/>\n<\/a>Datov\u00e1 schr\u00e1nka: y8wcud<\/p>\n<p>&nbsp;<\/p>\n<p>I\u010c: 06654894<br \/>\nRegistrace: M\u011bstsk\u00fd soud v Praze, odd\u00edl C, vlo\u017eka 286346<\/p>\n<p>&nbsp;<\/p>\n<p style=\"text-align: left;\"><strong><img loading=\"lazy\" decoding=\"async\" class=\"alignright wp-image-10888\" src=\"https:\/\/www.fimill.com\/wp-content\/uploads\/2024\/03\/shutterstock_1812604768-scaled-e1710030033898.jpg\" alt=\"\" width=\"496\" height=\"420\" srcset=\"https:\/\/www.fimill.com\/wp-content\/uploads\/2024\/03\/shutterstock_1812604768-scaled-e1710030033898.jpg 1248w, https:\/\/www.fimill.com\/wp-content\/uploads\/2024\/03\/shutterstock_1812604768-scaled-e1710030033898-300x254.jpg 300w, https:\/\/www.fimill.com\/wp-content\/uploads\/2024\/03\/shutterstock_1812604768-scaled-e1710030033898-1024x867.jpg 1024w, https:\/\/www.fimill.com\/wp-content\/uploads\/2024\/03\/shutterstock_1812604768-scaled-e1710030033898-768x650.jpg 768w\" sizes=\"auto, (max-width: 496px) 100vw, 496px\" \/><\/strong><\/p>\n<p>&nbsp;<\/p>\n<p>&nbsp;<\/p>\n<p>&nbsp;<\/p>\n<p>&nbsp;<\/p>\n<p>&nbsp;<\/p>\n<p>&nbsp;<\/p>\n<p style=\"text-align: right;\"><strong>Ji\u0159\u00ed \u017d\u00e1k<\/strong><br \/>\nJednatel<br \/>\n<a href=\"mailto:zak@fimill.com\">zak@fimill.com<\/a><\/p>\n<p>&nbsp;<\/p>\n<p>&nbsp;<\/p>\n<p>&nbsp;<\/p>\n<p><img loading=\"lazy\" decoding=\"async\" class=\"alignleft wp-image-9918\" src=\"https:\/\/www.fimill.com\/wp-content\/uploads\/2024\/02\/cropped-shutterstock_431211073_upraveno-scaled-2-e1711793397799.jpeg\" alt=\"\" width=\"509\" height=\"466\" \/><\/p>\n<p>&nbsp;<\/p>\n<p>&nbsp;<\/p>\n<p>&nbsp;<\/p>\n<p>&nbsp;<\/p>\n<p>&nbsp;<\/p>\n<p>&nbsp;<\/p>\n<p><strong>PROVOZOVNA<\/strong><\/p>\n<p>FIMILL s.r.o.<br \/>\nNetovick\u00e1 875<br \/>\nBudova M3<br \/>\n274 01 Slan\u00fd<\/p>\n<p>&nbsp;<\/p>\n<p>&nbsp;<\/p>\n<p>&nbsp;<\/p>\n<p>&nbsp;<\/p>\n<p><iframe loading=\"lazy\" style=\"border: 0;\" src=\"https:\/\/www.google.com\/maps\/embed?pb=!1m13!1m8!1m3!1d2552.5017509898403!2d14.095991!3d50.2265306!3m2!1i1024!2i768!4f13.1!3m2!1m1!2zNTDCsDEzJzM1LjQiTiAxNMKwMDUnNTUuMCJF!5e0!3m2!1scs!2scz!4v1711791752766!5m2!1scs!2scz\" width=\"1200\" height=\"350\" allowfullscreen=\"allowfullscreen\"><\/iframe><\/p>\n","protected":false},"excerpt":{"rendered":"<p>KONTAKT | Odborn\u00edci na zpracov\u00e1n\u00ed materi\u00e1l\u016f, \u010cesk\u00e1 republika | FIMILL &nbsp; S\u00cdDLO A ADMINISTRATIVA FIMILL s.r.o. Sladkovsk\u00e9ho n\u00e1m\u011bst\u00ed 312\/2 130 00 Praha 3 &#8211; \u017di\u017ekov (viz mapa) &nbsp; Telefon: (+420) 608 703 250 E-mail: info@fimill.com<\/p>\n<p class=\"link-more\"><a class=\"myButt\" href=\"https:\/\/www.fimill.com\/index.php\/kontakty\/\">Read More<\/a><\/p>\n","protected":false},"author":1,"featured_media":0,"parent":0,"menu_order":0,"comment_status":"closed","ping_status":"closed","template":"","meta":{"_monsterinsights_skip_tracking":false,"_monsterinsights_sitenote_active":false,"_monsterinsights_sitenote_note":"","_monsterinsights_sitenote_category":0,"_uf_show_specific_survey":0,"_uf_disable_surveys":false,"_kadence_starter_templates_imported_post":false,"footnotes":""},"class_list":["post-389","page","type-page","status-publish","hentry"],"_links":{"self":[{"href":"https:\/\/www.fimill.com\/index.php\/wp-json\/wp\/v2\/pages\/389","targetHints":{"allow":["GET"]}}],"collection":[{"href":"https:\/\/www.fimill.com\/index.php\/wp-json\/wp\/v2\/pages"}],"about":[{"href":"https:\/\/www.fimill.com\/index.php\/wp-json\/wp\/v2\/types\/page"}],"author":[{"embeddable":true,"href":"https:\/\/www.fimill.com\/index.php\/wp-json\/wp\/v2\/users\/1"}],"replies":[{"embeddable":true,"href":"https:\/\/www.fimill.com\/index.php\/wp-json\/wp\/v2\/comments?post=389"}],"version-history":[{"count":335,"href":"https:\/\/www.fimill.com\/index.php\/wp-json\/wp\/v2\/pages\/389\/revisions"}],"predecessor-version":[{"id":13226,"href":"https:\/\/www.fimill.com\/index.php\/wp-json\/wp\/v2\/pages\/389\/revisions\/13226"}],"wp:attachment":[{"href":"https:\/\/www.fimill.com\/index.php\/wp-json\/wp\/v2\/media?parent=389"}],"curies":[{"name":"wp","href":"https:\/\/api.w.org\/{rel}","templated":true}]}}