{"id":12878,"date":"2025-03-03T15:46:06","date_gmt":"2025-03-03T14:46:06","guid":{"rendered":"https:\/\/www.fimill.com\/?page_id=12878"},"modified":"2026-02-13T23:31:17","modified_gmt":"2026-02-13T22:31:17","slug":"invence-inovace-recyklace","status":"publish","type":"page","link":"https:\/\/www.fimill.com\/index.php\/invence-inovace-recyklace\/","title":{"rendered":"O n\u00e1s"},"content":{"rendered":"<h1 style=\"text-align: center;\">O N\u00c1S |\u00a0Pokro\u010dil\u00e9 zpracov\u00e1n\u00ed materi\u00e1l\u016f a recyklace | FIMILL<\/h1>\n<p>Spole\u010dnost FIMILL s.r.o. byla zalo\u017eena v roce 2017 s c\u00edlem specializovat se na mikronizaci sypk\u00fdch materi\u00e1l\u016f za pou\u017eit\u00ed pokro\u010dil\u00e9 technologie tryskov\u00e9ho mlet\u00ed s mimo\u0159\u00e1dnou jemnost\u00ed mlet\u00ed.<\/p>\n<h2 data-start=\"117\" data-end=\"138\">Na\u0161e cesta inovac\u00ed<\/h2>\n<p data-start=\"151\" data-end=\"298\"><strong>2019<\/strong><br \/>\n<strong>Z\u00edskali jsme mezin\u00e1rodn\u00ed patent na n\u00e1\u0161 vlastn\u00ed tryskov\u00fd ml\u00fdn<\/strong>, \u010d\u00edm\u017e jsme dos\u00e1hli v\u00fdznamn\u00e9ho miln\u00edku v oblasti pokro\u010dil\u00e9ho zpracov\u00e1n\u00ed \u010d\u00e1stic.<\/p>\n<p class=\"p1\"><b><a href=\"https:\/\/www.fimill.com\/wp-content\/uploads\/2026\/02\/IMG_1002-scaled-e1771015357213.jpg\"><img loading=\"lazy\" decoding=\"async\" class=\"wp-image-13154 alignleft\" src=\"https:\/\/www.fimill.com\/wp-content\/uploads\/2026\/02\/IMG_1002-scaled-e1771015357213.jpg\" alt=\"\" width=\"424\" height=\"377\" srcset=\"https:\/\/www.fimill.com\/wp-content\/uploads\/2026\/02\/IMG_1002-scaled-e1771015357213.jpg 2160w, https:\/\/www.fimill.com\/wp-content\/uploads\/2026\/02\/IMG_1002-scaled-e1771015357213-300x267.jpg 300w, https:\/\/www.fimill.com\/wp-content\/uploads\/2026\/02\/IMG_1002-scaled-e1771015357213-1024x910.jpg 1024w, https:\/\/www.fimill.com\/wp-content\/uploads\/2026\/02\/IMG_1002-scaled-e1771015357213-768x683.jpg 768w, https:\/\/www.fimill.com\/wp-content\/uploads\/2026\/02\/IMG_1002-scaled-e1771015357213-1536x1365.jpg 1536w, https:\/\/www.fimill.com\/wp-content\/uploads\/2026\/02\/IMG_1002-scaled-e1771015357213-2048x1820.jpg 2048w\" sizes=\"auto, (max-width: 424px) 100vw, 424px\" \/><\/a>2022<br \/>\n<\/b><b><\/b><strong>Uvedli jsme do provozu mikroniza\u010dn\u00ed linku<\/strong> vybavenou na\u0161\u00edm \u0161pi\u010dkov\u00fdm tryskov\u00fdm ml\u00fdnem, kter\u00e1 p\u0159in\u00e1\u0161\u00ed mimo\u0159\u00e1dn\u011b efektivn\u00ed zpracov\u00e1n\u00ed jemn\u00fdch materi\u00e1l\u016f.<\/p>\n<p class=\"p1\"><b>2023<br \/>\n<\/b><b><\/b><strong>V\u00fdrazn\u011b jsme pos\u00edlili na\u0161e testovac\u00ed kapacity instalac\u00ed modern\u00edho drti\u010de s nastavitelnou v\u00fdstupn\u00ed velikost\u00ed \u010d\u00e1stic. <\/strong>D\u00edky t\u00e9to technologii dok\u00e1\u017eeme prom\u011bnit vstupn\u00ed materi\u00e1l o velikosti des\u00edtek centimetr\u016f na ultrajemnou frakci v \u0159\u00e1du mikrometr\u016f.<\/p>\n<p class=\"p1\"><b>2024<br \/>\n<\/b><b><\/b><strong>\u00dasp\u011b\u0161n\u011b jsme realizovali zm\u011bnu statusu odpadn\u00edch k\u0159emenn\u00fdch st\u0159ep\u016f z v\u00fdroby polovodi\u010d\u016f na vedlej\u0161\u00ed produkt <\/strong>a zah\u00e1jili produkci vysoce kvalitn\u00ed k\u0159emenn\u00e9 drt\u011b pro \u017e\u00e1ruvzdorn\u00e9 materi\u00e1ly.<\/p>\n<p class=\"p1\"><b>2025<br \/>\n<\/b><b><\/b><strong>Vstoupili jsme do v\u00fdvoje ekologick\u00fdch stavebn\u00edch materi\u00e1l\u016f nov\u00e9 generace,<\/strong> kter\u00e9 d\u00e1vaj\u00ed nov\u00fd \u017eivot recyklovan\u00fdm surovin\u00e1m.<\/p>\n<h2 data-start=\"1023\" data-end=\"1038\">Co d\u011bl\u00e1me<\/h2>\n<p data-start=\"1039\" data-end=\"1262\">Specializujeme se na <strong data-start=\"1060\" data-end=\"1092\">zpracov\u00e1n\u00ed sypk\u00fdch materi\u00e1l\u016f<\/strong> s velikost\u00ed vstupn\u00edch \u010d\u00e1stic a\u017e n\u011bkolik des\u00edtek centimetr\u016f a jejich \u00fapravu na <strong data-start=\"1171\" data-end=\"1210\">v\u00fdstupn\u00ed velikost v \u0159\u00e1du mikrometr\u016f<\/strong> \u2013 s mimo\u0159\u00e1dnou p\u0159esnost\u00ed v cel\u00e9m rozsahu velikost\u00ed.<\/p>\n<p><a href=\"https:\/\/www.fimill.com\/wp-content\/uploads\/2024\/06\/IMG_2004photo-scaled.jpg\" rel=\"noopener\"><img loading=\"lazy\" decoding=\"async\" class=\"alignright wp-image-11662\" src=\"https:\/\/www.fimill.com\/wp-content\/uploads\/2024\/06\/IMG_2004photo-scaled.jpg\" alt=\"\" width=\"548\" height=\"424\" srcset=\"https:\/\/www.fimill.com\/wp-content\/uploads\/2024\/06\/IMG_2004photo-scaled.jpg 2560w, https:\/\/www.fimill.com\/wp-content\/uploads\/2024\/06\/IMG_2004photo-300x232.jpg 300w, https:\/\/www.fimill.com\/wp-content\/uploads\/2024\/06\/IMG_2004photo-1024x792.jpg 1024w, https:\/\/www.fimill.com\/wp-content\/uploads\/2024\/06\/IMG_2004photo-768x594.jpg 768w, https:\/\/www.fimill.com\/wp-content\/uploads\/2024\/06\/IMG_2004photo-1536x1189.jpg 1536w, https:\/\/www.fimill.com\/wp-content\/uploads\/2024\/06\/IMG_2004photo-2048x1585.jpg 2048w\" sizes=\"auto, (max-width: 548px) 100vw, 548px\" \/><\/a><\/p>\n<p data-start=\"351\" data-end=\"558\">Ve spolupr\u00e1ci s <strong data-start=\"367\" data-end=\"417\">komer\u010dn\u00edmi partnery i akademick\u00fdmi institucemi<\/strong> se aktivn\u011b pod\u00edl\u00edme na <strong data-start=\"441\" data-end=\"468\">v\u00fdvoji nov\u00fdch materi\u00e1l\u016f<\/strong> a na <strong data-start=\"474\" data-end=\"555\">projektech podporuj\u00edc\u00edch cirkul\u00e1rn\u00ed ekonomiku a recyklaci pr\u016fmyslov\u00fdch odpad\u016f<\/strong>.<\/p>\n<p data-start=\"560\" data-end=\"733\">D\u00edky na\u0161im <strong data-start=\"571\" data-end=\"598\">pokro\u010dil\u00fdm technologi\u00edm<\/strong> dok\u00e1\u017eeme <strong data-start=\"608\" data-end=\"666\">definovat, testovat a p\u0159izp\u016fsobit vlastnosti materi\u00e1l\u016f<\/strong> tak, aby jejich <strong data-start=\"683\" data-end=\"730\">pr\u016fmyslov\u00e9 vyu\u017eit\u00ed bylo maxim\u00e1ln\u011b efektivn\u00ed<\/strong>.<\/p>\n<p data-start=\"735\" data-end=\"920\">Specializujeme se na <strong data-start=\"756\" data-end=\"802\">materi\u00e1ly, kter\u00e9 dosud z\u016fst\u00e1valy nevyu\u017eit\u00e9<\/strong> \u2013 prom\u011b\u0148ujeme je v <strong data-start=\"822\" data-end=\"849\">cenn\u00e9 druhotn\u00e9 suroviny<\/strong> s \u010dasto <strong data-start=\"858\" data-end=\"884\">unik\u00e1tn\u00edmi vlastnostmi<\/strong> a <strong data-start=\"887\" data-end=\"917\">nov\u00fdmi mo\u017enostmi uplatn\u011bn\u00ed<\/strong>.<\/p>\n<p data-start=\"922\" data-end=\"1095\">Na\u0161e pr\u00e1ce je poh\u00e1n\u011bna <strong data-start=\"945\" data-end=\"987\">neust\u00e1l\u00fdm hled\u00e1n\u00edm origin\u00e1ln\u00edch \u0159e\u0161en\u00ed<\/strong> a <strong data-start=\"990\" data-end=\"1024\">tvo\u0159iv\u00fdm p\u0159\u00edstupem k recyklaci<\/strong>, d\u00edky \u010demu\u017e dok\u00e1\u017eeme ka\u017ed\u00e9mu materi\u00e1lu vtisknout nov\u00fd \u017eivot a smysl.<\/p>\n<p data-start=\"1097\" data-end=\"1275\">Pr\u00e1v\u011b tato filozofie se odr\u00e1\u017e\u00ed i v na\u0161em mottu <strong data-start=\"1144\" data-end=\"1169\">\u201eInventive Recycling\u201c<\/strong> \u2013 symbolu <strong data-start=\"1180\" data-end=\"1274\">inovativn\u00edho my\u0161len\u00ed, technologick\u00e9 preciznosti a odpov\u011bdn\u00e9ho p\u0159\u00edstupu k p\u0159\u00edrodn\u00edm zdroj\u016fm<\/strong>.<\/p>\n<p>&nbsp;<\/p>\n","protected":false},"excerpt":{"rendered":"<p>O N\u00c1S |\u00a0Pokro\u010dil\u00e9 zpracov\u00e1n\u00ed materi\u00e1l\u016f a recyklace | FIMILL Spole\u010dnost FIMILL s.r.o. byla zalo\u017eena v roce 2017 s c\u00edlem specializovat se na mikronizaci sypk\u00fdch materi\u00e1l\u016f za pou\u017eit\u00ed pokro\u010dil\u00e9 technologie tryskov\u00e9ho mlet\u00ed s mimo\u0159\u00e1dnou jemnost\u00ed mlet\u00ed.<\/p>\n<p class=\"link-more\"><a class=\"myButt\" href=\"https:\/\/www.fimill.com\/index.php\/invence-inovace-recyklace\/\">Read More<\/a><\/p>\n","protected":false},"author":1,"featured_media":0,"parent":0,"menu_order":0,"comment_status":"closed","ping_status":"closed","template":"","meta":{"_monsterinsights_skip_tracking":false,"_monsterinsights_sitenote_active":false,"_monsterinsights_sitenote_note":"","_monsterinsights_sitenote_category":0,"_uf_show_specific_survey":0,"_uf_disable_surveys":false,"_kadence_starter_templates_imported_post":false,"footnotes":""},"class_list":["post-12878","page","type-page","status-publish","hentry"],"_links":{"self":[{"href":"https:\/\/www.fimill.com\/index.php\/wp-json\/wp\/v2\/pages\/12878","targetHints":{"allow":["GET"]}}],"collection":[{"href":"https:\/\/www.fimill.com\/index.php\/wp-json\/wp\/v2\/pages"}],"about":[{"href":"https:\/\/www.fimill.com\/index.php\/wp-json\/wp\/v2\/types\/page"}],"author":[{"embeddable":true,"href":"https:\/\/www.fimill.com\/index.php\/wp-json\/wp\/v2\/users\/1"}],"replies":[{"embeddable":true,"href":"https:\/\/www.fimill.com\/index.php\/wp-json\/wp\/v2\/comments?post=12878"}],"version-history":[{"count":55,"href":"https:\/\/www.fimill.com\/index.php\/wp-json\/wp\/v2\/pages\/12878\/revisions"}],"predecessor-version":[{"id":13158,"href":"https:\/\/www.fimill.com\/index.php\/wp-json\/wp\/v2\/pages\/12878\/revisions\/13158"}],"wp:attachment":[{"href":"https:\/\/www.fimill.com\/index.php\/wp-json\/wp\/v2\/media?parent=12878"}],"curies":[{"name":"wp","href":"https:\/\/api.w.org\/{rel}","templated":true}]}}