{"id":12740,"date":"2025-03-02T13:13:45","date_gmt":"2025-03-02T12:13:45","guid":{"rendered":"https:\/\/www.fimill.com\/?page_id=12740"},"modified":"2026-04-07T09:47:36","modified_gmt":"2026-04-07T08:47:36","slug":"sluzby","status":"publish","type":"page","link":"https:\/\/www.fimill.com\/index.php\/sluzby\/","title":{"rendered":"Slu\u017eby"},"content":{"rendered":"<h1 style=\"text-align: center;\">SLU\u017dBY | Udr\u017eiteln\u00e1 \u0159e\u0161en\u00ed pro cirkul\u00e1rn\u00ed ekonomiku | FIMILL<\/h1>\n<p data-start=\"249\" data-end=\"487\">Pom\u00e1h\u00e1me firm\u00e1m efektivn\u011b zvl\u00e1dat projekty v oblasti <strong data-start=\"302\" data-end=\"326\">cirkul\u00e1rn\u00ed ekonomiky<\/strong>, <strong data-start=\"328\" data-end=\"361\">recyklace odpadn\u00edch materi\u00e1l\u016f<\/strong> i <strong data-start=\"364\" data-end=\"410\">testov\u00e1n\u00ed a anal\u00fdz inovativn\u00edch materi\u00e1l\u016f<\/strong>.<br data-start=\"411\" data-end=\"414\" \/>Rozum\u00edme odpadov\u00e9 legislativ\u011b a v\u00edme, jak p\u0159ekonat jej\u00ed \u00faskal\u00ed v praxi.<\/p>\n<p data-start=\"489\" data-end=\"570\">Krom\u011b poradenstv\u00ed nab\u00edz\u00edme i <strong data-start=\"518\" data-end=\"569\">zak\u00e1zkov\u00e9 slu\u017eby mikronizace a drcen\u00ed materi\u00e1l\u016f<\/strong>.<\/p>\n<h2 data-start=\"577\" data-end=\"608\"><\/h2>\n<h2 data-start=\"577\" data-end=\"608\">Cirkul\u00e1rn\u00ed ekonomika<\/h2>\n<p data-start=\"610\" data-end=\"895\">Cirkul\u00e1rn\u00ed ekonomika p\u0159edstavuje modern\u00ed p\u0159\u00edstup k vyu\u017e\u00edv\u00e1n\u00ed zdroj\u016f \u2013 c\u00edlem je <strong data-start=\"689\" data-end=\"744\">minimalizovat odpad a maxim\u00e1ln\u011b zhodnotit materi\u00e1ly<\/strong>, kter\u00e9 u\u017e m\u00e1me.<br data-start=\"760\" data-end=\"763\" \/>Nam\u00edsto line\u00e1rn\u00edho modelu <em data-start=\"789\" data-end=\"819\">\u201evyrobit \u2013 pou\u017e\u00edt \u2013 vyhodit\u201c<\/em> usilujeme o <strong data-start=\"832\" data-end=\"851\">uzav\u0159en\u00fd cyklus<\/strong>, kde produkty i suroviny slou\u017e\u00ed co nejd\u00e9le.<\/p>\n<p data-start=\"897\" data-end=\"1122\">Od roku <strong data-start=\"905\" data-end=\"913\">2030<\/strong> nebude mo\u017en\u00e9 skl\u00e1dkovat odpady, kter\u00e9 lze recyklovat. To znamen\u00e1, \u017ee firmy mus\u00ed aktivn\u011b hledat nov\u00e9 cesty, jak sv\u00e9 materi\u00e1ly znovu vyu\u017e\u00edt. My v\u00e1m s t\u00edm pom\u016f\u017eeme \u2013 rychle, efektivn\u011b a v souladu s legislativou.<\/p>\n<p data-start=\"897\" data-end=\"1122\"><strong><a href=\"https:\/\/www.fimill.com\/wp-content\/uploads\/2024\/04\/Cirkularni-ekonomika-CZ.png\" rel=\"noopener\"><img loading=\"lazy\" decoding=\"async\" class=\"wp-image-11161 aligncenter\" src=\"https:\/\/www.fimill.com\/wp-content\/uploads\/2024\/04\/Cirkularni-ekonomika-CZ.png\" alt=\"\" width=\"502\" height=\"501\" srcset=\"https:\/\/www.fimill.com\/wp-content\/uploads\/2024\/04\/Cirkularni-ekonomika-CZ.png 1200w, https:\/\/www.fimill.com\/wp-content\/uploads\/2024\/04\/Cirkularni-ekonomika-CZ-300x300.png 300w, https:\/\/www.fimill.com\/wp-content\/uploads\/2024\/04\/Cirkularni-ekonomika-CZ-1024x1022.png 1024w, https:\/\/www.fimill.com\/wp-content\/uploads\/2024\/04\/Cirkularni-ekonomika-CZ-150x150.png 150w, https:\/\/www.fimill.com\/wp-content\/uploads\/2024\/04\/Cirkularni-ekonomika-CZ-768x767.png 768w\" sizes=\"auto, (max-width: 502px) 100vw, 502px\" \/><\/a><\/strong><\/p>\n<p>&nbsp;<\/p>\n<h2 data-start=\"1124\" data-end=\"1150\">Co pro v\u00e1s zajist\u00edme:<\/h2>\n<ul data-start=\"1151\" data-end=\"1698\">\n<li data-start=\"1151\" data-end=\"1300\">\n<p data-start=\"1153\" data-end=\"1300\"><strong data-start=\"1153\" data-end=\"1173\">Testovac\u00ed vzorky<\/strong> \u2013 p\u0159iprav\u00edme materi\u00e1ly s ohledem na jejich budouc\u00ed vyu\u017eit\u00ed po recyklaci a stanov\u00edme optim\u00e1ln\u00ed technologii i velikost \u010d\u00e1stic.<\/p>\n<\/li>\n<li data-start=\"1301\" data-end=\"1449\">\n<p data-start=\"1303\" data-end=\"1449\"><strong data-start=\"1303\" data-end=\"1314\">Anal\u00fdzy<\/strong> \u2013 zajist\u00edme fyzik\u00e1ln\u00ed i chemick\u00e9 rozbory, stanov\u00edme velikost, tvar i odolnost \u010d\u00e1stic a pom\u016f\u017eeme ur\u010dit nejvhodn\u011bj\u0161\u00ed vyu\u017eit\u00ed recykl\u00e1tu.<\/p>\n<\/li>\n<li data-start=\"1450\" data-end=\"1554\">\n<p data-start=\"1452\" data-end=\"1554\"><strong data-start=\"1452\" data-end=\"1467\">Technologie<\/strong> \u2013 navrhneme udr\u017eiteln\u00e9 technologick\u00e9 postupy a v\u00fdrobn\u00ed \u0159e\u0161en\u00ed v pr\u016fmyslov\u00e9m m\u011b\u0159\u00edtku.<\/p>\n<\/li>\n<li data-start=\"1555\" data-end=\"1698\">\n<p data-start=\"1557\" data-end=\"1698\"><strong data-start=\"1557\" data-end=\"1572\">Poradenstv\u00ed<\/strong> \u2013 vysv\u011btl\u00edme va\u0161e povinnosti i mo\u017enosti podle aktu\u00e1ln\u00ed legislativy a pom\u016f\u017eeme prom\u011bnit odpad v novou surovinu nebo produkt.<\/p>\n<\/li>\n<\/ul>\n<h2 data-start=\"1878\" data-end=\"1897\">Tryskov\u00e9 mlet\u00ed<\/h2>\n<ul data-start=\"1898\" data-end=\"2148\">\n<li data-start=\"1898\" data-end=\"1991\">\n<p data-start=\"1900\" data-end=\"1991\">Specializujeme se na p\u0159esnou mikronizaci s v\u00fdstupn\u00ed velikost\u00ed a\u017e v jednotk\u00e1ch mikrometr\u016f.<\/p>\n<\/li>\n<li data-start=\"1992\" data-end=\"2086\">\n<p data-start=\"1994\" data-end=\"2086\">Zku\u0161ebn\u00ed testy prov\u00e1d\u00edme s mal\u00fdmi d\u00e1vkami (v kilogramech) pro optim\u00e1ln\u00ed nastaven\u00ed procesu.<\/p>\n<\/li>\n<li data-start=\"2087\" data-end=\"2148\">\n<p data-start=\"2089\" data-end=\"2148\">Zpracov\u00e1v\u00e1me d\u00e1vky od jednotek kilogram\u016f po jednotky tun.<\/p>\n<\/li>\n<\/ul>\n<div id=\"comp-let455np__item1\" class=\"KQmfd2\">\n<div id=\"text-content-comp-let455np__item1\" class=\"KcpHeO tz5f0K comp-let455np wixui-text\" data-scope=\"comp-let455ip__item1\" data-repeater-items-indexes=\"0\" data-testid=\"richTextElement\">\n<p style=\"padding-left: 40px;\"><a href=\"https:\/\/www.fimill.com\/wp-content\/uploads\/2022\/11\/IMG_0223photo-scaled-e1668354989838.jpg\" rel=\"noopener\"><img loading=\"lazy\" decoding=\"async\" class=\"aligncenter wp-image-7532\" src=\"https:\/\/www.fimill.com\/wp-content\/uploads\/2022\/11\/IMG_0223photo-scaled-e1668354989838.jpg\" alt=\"\" width=\"1023\" height=\"284\" srcset=\"https:\/\/www.fimill.com\/wp-content\/uploads\/2022\/11\/IMG_0223photo-scaled-e1668354989838.jpg 2527w, https:\/\/www.fimill.com\/wp-content\/uploads\/2022\/11\/IMG_0223photo-scaled-e1668354989838-300x83.jpg 300w, https:\/\/www.fimill.com\/wp-content\/uploads\/2022\/11\/IMG_0223photo-scaled-e1668354989838-1024x284.jpg 1024w, https:\/\/www.fimill.com\/wp-content\/uploads\/2022\/11\/IMG_0223photo-scaled-e1668354989838-768x213.jpg 768w, https:\/\/www.fimill.com\/wp-content\/uploads\/2022\/11\/IMG_0223photo-scaled-e1668354989838-1536x426.jpg 1536w, https:\/\/www.fimill.com\/wp-content\/uploads\/2022\/11\/IMG_0223photo-scaled-e1668354989838-2048x568.jpg 2048w\" sizes=\"auto, (max-width: 1023px) 100vw, 1023px\" \/><\/a><\/p>\n<\/div>\n<\/div>\n<h2 data-start=\"2150\" data-end=\"2161\">Drcen\u00ed<\/h2>\n<ul data-start=\"2162\" data-end=\"2402\">\n<li data-start=\"2162\" data-end=\"2267\">\n<p data-start=\"2164\" data-end=\"2267\">Dok\u00e1\u017eeme zpracovat i velk\u00e9 vstupn\u00ed kusy materi\u00e1lu a upravit jejich velikost a\u017e na jednotky milimetr\u016f.<\/p>\n<\/li>\n<li data-start=\"2268\" data-end=\"2343\">\n<p data-start=\"2270\" data-end=\"2343\">Po zku\u0161ebn\u00edch testech navrhujeme optim\u00e1ln\u00ed parametry a cenov\u00e9 podm\u00ednky.<\/p>\n<\/li>\n<li data-start=\"2344\" data-end=\"2402\">\n<p data-start=\"2346\" data-end=\"2402\">Zpracov\u00e1v\u00e1me d\u00e1vky od stovek kilogram\u016f po des\u00edtky tun.<\/p>\n<\/li>\n<\/ul>\n<div id=\"comp-leu231nf\" class=\"KQmfd2\">\n<p style=\"padding-left: 40px;\"><a href=\"https:\/\/www.fimill.com\/wp-content\/uploads\/2025\/03\/Vychozi-barevne-2-scaled-e1743018500166.jpg\" rel=\"noopener\"><img loading=\"lazy\" decoding=\"async\" class=\"wp-image-12891 alignright\" src=\"https:\/\/www.fimill.com\/wp-content\/uploads\/2025\/03\/Vychozi-barevne-2-scaled-e1743018500166.jpg\" alt=\"\" width=\"448\" height=\"344\" srcset=\"https:\/\/www.fimill.com\/wp-content\/uploads\/2025\/03\/Vychozi-barevne-2-scaled-e1743018500166.jpg 2193w, https:\/\/www.fimill.com\/wp-content\/uploads\/2025\/03\/Vychozi-barevne-2-scaled-e1743018500166-300x231.jpg 300w, https:\/\/www.fimill.com\/wp-content\/uploads\/2025\/03\/Vychozi-barevne-2-scaled-e1743018500166-1024x787.jpg 1024w, https:\/\/www.fimill.com\/wp-content\/uploads\/2025\/03\/Vychozi-barevne-2-scaled-e1743018500166-768x590.jpg 768w, https:\/\/www.fimill.com\/wp-content\/uploads\/2025\/03\/Vychozi-barevne-2-scaled-e1743018500166-1536x1180.jpg 1536w, https:\/\/www.fimill.com\/wp-content\/uploads\/2025\/03\/Vychozi-barevne-2-scaled-e1743018500166-2048x1574.jpg 2048w\" sizes=\"auto, (max-width: 448px) 100vw, 448px\" \/><\/a><a href=\"https:\/\/www.fimill.com\/wp-content\/uploads\/2024\/05\/IMG_4709-scaled-e1716044777504.jpg\" rel=\"noopener\"><img loading=\"lazy\" decoding=\"async\" class=\"alignnone wp-image-11228\" src=\"https:\/\/www.fimill.com\/wp-content\/uploads\/2024\/05\/IMG_4709-scaled-e1716044777504.jpg\" alt=\"\" width=\"479\" height=\"347\" srcset=\"https:\/\/www.fimill.com\/wp-content\/uploads\/2024\/05\/IMG_4709-scaled-e1716044777504.jpg 2350w, https:\/\/www.fimill.com\/wp-content\/uploads\/2024\/05\/IMG_4709-scaled-e1716044777504-300x217.jpg 300w, https:\/\/www.fimill.com\/wp-content\/uploads\/2024\/05\/IMG_4709-scaled-e1716044777504-1024x742.jpg 1024w, https:\/\/www.fimill.com\/wp-content\/uploads\/2024\/05\/IMG_4709-scaled-e1716044777504-768x556.jpg 768w, https:\/\/www.fimill.com\/wp-content\/uploads\/2024\/05\/IMG_4709-scaled-e1716044777504-1536x1112.jpg 1536w, https:\/\/www.fimill.com\/wp-content\/uploads\/2024\/05\/IMG_4709-scaled-e1716044777504-2048x1483.jpg 2048w\" sizes=\"auto, (max-width: 479px) 100vw, 479px\" \/><\/a><\/p>\n<h2 data-start=\"2409\" data-end=\"2438\">Pro\u010d si vybrat n\u00e1s<\/h2>\n<ul data-start=\"2439\" data-end=\"2615\">\n<li data-start=\"2439\" data-end=\"2491\">\n<p data-start=\"2441\" data-end=\"2491\">Dlouholet\u00e9 zku\u0161enosti s recyklac\u00ed a legislativou<\/p>\n<\/li>\n<li data-start=\"2492\" data-end=\"2535\">\n<p data-start=\"2494\" data-end=\"2535\">Vlastn\u00ed testovac\u00ed vybaven\u00ed<\/p>\n<\/li>\n<li data-start=\"2536\" data-end=\"2577\">\n<p data-start=\"2538\" data-end=\"2577\">Individu\u00e1ln\u00ed p\u0159\u00edstup k va\u0161im pot\u0159eb\u00e1m<\/p>\n<\/li>\n<li data-start=\"2578\" data-end=\"2615\">\n<p data-start=\"2580\" data-end=\"2615\">Rychl\u00e9 testov\u00e1n\u00ed a jasn\u00e9 v\u00fdsledky<\/p>\n<\/li>\n<\/ul>\n<\/div>\n","protected":false},"excerpt":{"rendered":"<p>SLU\u017dBY | Udr\u017eiteln\u00e1 \u0159e\u0161en\u00ed pro cirkul\u00e1rn\u00ed ekonomiku | FIMILL Pom\u00e1h\u00e1me firm\u00e1m efektivn\u011b zvl\u00e1dat projekty v oblasti cirkul\u00e1rn\u00ed ekonomiky, recyklace odpadn\u00edch materi\u00e1l\u016f i testov\u00e1n\u00ed a anal\u00fdz inovativn\u00edch materi\u00e1l\u016f.Rozum\u00edme odpadov\u00e9 legislativ\u011b a v\u00edme, jak p\u0159ekonat jej\u00ed \u00faskal\u00ed<\/p>\n<p class=\"link-more\"><a class=\"myButt\" href=\"https:\/\/www.fimill.com\/index.php\/sluzby\/\">Read More<\/a><\/p>\n","protected":false},"author":1,"featured_media":0,"parent":0,"menu_order":0,"comment_status":"closed","ping_status":"closed","template":"","meta":{"_monsterinsights_skip_tracking":false,"_monsterinsights_sitenote_active":false,"_monsterinsights_sitenote_note":"","_monsterinsights_sitenote_category":0,"_uf_show_specific_survey":0,"_uf_disable_surveys":false,"_kadence_starter_templates_imported_post":false,"footnotes":""},"class_list":["post-12740","page","type-page","status-publish","hentry"],"_links":{"self":[{"href":"https:\/\/www.fimill.com\/index.php\/wp-json\/wp\/v2\/pages\/12740","targetHints":{"allow":["GET"]}}],"collection":[{"href":"https:\/\/www.fimill.com\/index.php\/wp-json\/wp\/v2\/pages"}],"about":[{"href":"https:\/\/www.fimill.com\/index.php\/wp-json\/wp\/v2\/types\/page"}],"author":[{"embeddable":true,"href":"https:\/\/www.fimill.com\/index.php\/wp-json\/wp\/v2\/users\/1"}],"replies":[{"embeddable":true,"href":"https:\/\/www.fimill.com\/index.php\/wp-json\/wp\/v2\/comments?post=12740"}],"version-history":[{"count":34,"href":"https:\/\/www.fimill.com\/index.php\/wp-json\/wp\/v2\/pages\/12740\/revisions"}],"predecessor-version":[{"id":13298,"href":"https:\/\/www.fimill.com\/index.php\/wp-json\/wp\/v2\/pages\/12740\/revisions\/13298"}],"wp:attachment":[{"href":"https:\/\/www.fimill.com\/index.php\/wp-json\/wp\/v2\/media?parent=12740"}],"curies":[{"name":"wp","href":"https:\/\/api.w.org\/{rel}","templated":true}]}}