{"id":12522,"date":"2025-01-03T01:07:32","date_gmt":"2025-01-03T00:07:32","guid":{"rendered":"https:\/\/www.fimill.com\/?page_id=12522"},"modified":"2025-11-10T00:55:48","modified_gmt":"2025-11-09T23:55:48","slug":"aplikace","status":"publish","type":"page","link":"https:\/\/www.fimill.com\/index.php\/aplikace\/","title":{"rendered":"Aplikace"},"content":{"rendered":"<h1 style=\"text-align: center;\">APLIKACE | Technologie pro nov\u00fd \u017eivot materi\u00e1l\u016f | FIMILL<\/h1>\n<p style=\"text-align: center;\">(kliknut\u00edm na obr\u00e1zek zjist\u00edte v\u00edce)<\/p>\n<p>&nbsp;<\/p>\n<p><a href=\"https:\/\/www.fimill.com\/index.php\/mikronizace-jemne-mleteho-vapence\/\" rel=\"noopener\"><img loading=\"lazy\" decoding=\"async\" class=\"alignleft wp-image-11461\" src=\"https:\/\/www.fimill.com\/wp-content\/uploads\/2024\/05\/IMG_6505-scaled.jpg\" alt=\"\" width=\"505\" height=\"379\" srcset=\"https:\/\/www.fimill.com\/wp-content\/uploads\/2024\/05\/IMG_6505-scaled.jpg 2560w, https:\/\/www.fimill.com\/wp-content\/uploads\/2024\/05\/IMG_6505-300x225.jpg 300w, https:\/\/www.fimill.com\/wp-content\/uploads\/2024\/05\/IMG_6505-1024x768.jpg 1024w, https:\/\/www.fimill.com\/wp-content\/uploads\/2024\/05\/IMG_6505-768x576.jpg 768w, https:\/\/www.fimill.com\/wp-content\/uploads\/2024\/05\/IMG_6505-1536x1152.jpg 1536w, https:\/\/www.fimill.com\/wp-content\/uploads\/2024\/05\/IMG_6505-2048x1536.jpg 2048w\" sizes=\"auto, (max-width: 505px) 100vw, 505px\" \/><\/a><\/p>\n<p>&nbsp;<\/p>\n<p>&nbsp;<\/p>\n<p>&nbsp;<\/p>\n<p>&nbsp;<\/p>\n<p style=\"text-align: center;\"><strong>V\u00c1PENEC<\/strong><\/p>\n<p style=\"text-align: center;\">Miikronizace<\/p>\n<p>&nbsp;<\/p>\n<p>&nbsp;<\/p>\n<p>&nbsp;<\/p>\n<p>&nbsp;<\/p>\n<p><a href=\"https:\/\/www.fimill.com\/index.php\/mikronizace-fusingoveho-skla-2022\/\" rel=\"noopener\"><img loading=\"lazy\" decoding=\"async\" class=\"alignright wp-image-11197\" src=\"https:\/\/www.fimill.com\/wp-content\/uploads\/2024\/05\/IMG_8429photo-scaled.jpg\" alt=\"\" width=\"500\" height=\"375\" srcset=\"https:\/\/www.fimill.com\/wp-content\/uploads\/2024\/05\/IMG_8429photo-scaled.jpg 2560w, https:\/\/www.fimill.com\/wp-content\/uploads\/2024\/05\/IMG_8429photo-300x225.jpg 300w, https:\/\/www.fimill.com\/wp-content\/uploads\/2024\/05\/IMG_8429photo-1024x768.jpg 1024w, https:\/\/www.fimill.com\/wp-content\/uploads\/2024\/05\/IMG_8429photo-768x576.jpg 768w, https:\/\/www.fimill.com\/wp-content\/uploads\/2024\/05\/IMG_8429photo-1536x1152.jpg 1536w, https:\/\/www.fimill.com\/wp-content\/uploads\/2024\/05\/IMG_8429photo-2048x1536.jpg 2048w\" sizes=\"auto, (max-width: 500px) 100vw, 500px\" \/><\/a><\/p>\n<p>&nbsp;<\/p>\n<p>&nbsp;<\/p>\n<p>&nbsp;<\/p>\n<p>&nbsp;<\/p>\n<p style=\"text-align: center;\"><strong>FUSINGOV\u00c9 SKLO<\/strong><\/p>\n<p style=\"text-align: center;\">Mikronizace + homogenn\u00ed m\u00edch\u00e1n\u00ed<\/p>\n<p>&nbsp;<\/p>\n<p>&nbsp;<\/p>\n<p>&nbsp;<\/p>\n<p>&nbsp;<\/p>\n<p><a href=\"https:\/\/www.fimill.com\/index.php\/mikronizace-ocelarenske-strusky-2023\/\" rel=\"noopener\"><img loading=\"lazy\" decoding=\"async\" class=\"alignleft wp-image-11206\" src=\"https:\/\/www.fimill.com\/wp-content\/uploads\/2024\/05\/IMG_3285photo-1-scaled.jpg\" alt=\"\" width=\"506\" height=\"380\" srcset=\"https:\/\/www.fimill.com\/wp-content\/uploads\/2024\/05\/IMG_3285photo-1-scaled.jpg 2560w, https:\/\/www.fimill.com\/wp-content\/uploads\/2024\/05\/IMG_3285photo-1-300x225.jpg 300w, https:\/\/www.fimill.com\/wp-content\/uploads\/2024\/05\/IMG_3285photo-1-1024x768.jpg 1024w, https:\/\/www.fimill.com\/wp-content\/uploads\/2024\/05\/IMG_3285photo-1-768x576.jpg 768w, https:\/\/www.fimill.com\/wp-content\/uploads\/2024\/05\/IMG_3285photo-1-1536x1152.jpg 1536w, https:\/\/www.fimill.com\/wp-content\/uploads\/2024\/05\/IMG_3285photo-1-2048x1536.jpg 2048w\" sizes=\"auto, (max-width: 506px) 100vw, 506px\" \/><\/a><\/p>\n<p>&nbsp;<\/p>\n<p>&nbsp;<\/p>\n<p>&nbsp;<\/p>\n<p>&nbsp;<\/p>\n<p style=\"text-align: center;\"><strong>OCEL\u00c1RENSK\u00c1 STRUSKA<\/strong><\/p>\n<p style=\"text-align: center;\">Mikronizace + homogenn\u00ed m\u00edch\u00e1n\u00ed<\/p>\n<p>&nbsp;<\/p>\n<p>&nbsp;<\/p>\n<p>&nbsp;<\/p>\n<p>&nbsp;<\/p>\n<p><a href=\"https:\/\/www.fimill.com\/index.php\/drceni-kremenneho-skla-2024\/\" rel=\"noopener\"><img loading=\"lazy\" decoding=\"async\" class=\"alignright wp-image-11238\" src=\"https:\/\/www.fimill.com\/wp-content\/uploads\/2024\/05\/IMG_4710-scaled-e1716046723434.jpg\" alt=\"\" width=\"500\" height=\"441\" srcset=\"https:\/\/www.fimill.com\/wp-content\/uploads\/2024\/05\/IMG_4710-scaled-e1716046723434.jpg 2180w, https:\/\/www.fimill.com\/wp-content\/uploads\/2024\/05\/IMG_4710-scaled-e1716046723434-300x264.jpg 300w, https:\/\/www.fimill.com\/wp-content\/uploads\/2024\/05\/IMG_4710-scaled-e1716046723434-1024x902.jpg 1024w, https:\/\/www.fimill.com\/wp-content\/uploads\/2024\/05\/IMG_4710-scaled-e1716046723434-768x676.jpg 768w, https:\/\/www.fimill.com\/wp-content\/uploads\/2024\/05\/IMG_4710-scaled-e1716046723434-1536x1353.jpg 1536w, https:\/\/www.fimill.com\/wp-content\/uploads\/2024\/05\/IMG_4710-scaled-e1716046723434-2048x1804.jpg 2048w\" sizes=\"auto, (max-width: 500px) 100vw, 500px\" \/><\/a><\/p>\n<p>&nbsp;<\/p>\n<p>&nbsp;<\/p>\n<p>&nbsp;<\/p>\n<p>&nbsp;<\/p>\n<p>&nbsp;<\/p>\n<p style=\"text-align: center;\"><strong>K\u0158EMENN\u00c9 SKLO<\/strong><\/p>\n<p style=\"text-align: center;\">Drcen\u00ed<\/p>\n<p>&nbsp;<\/p>\n<p>&nbsp;<\/p>\n<p>&nbsp;<\/p>\n<p>&nbsp;<\/p>\n<p><a href=\"https:\/\/www.fimill.com\/index.php\/drceni-a-mikronizace-epoxidoveho-kompozitu\/\" rel=\"noopener\"><img loading=\"lazy\" decoding=\"async\" class=\"alignleft wp-image-11845\" src=\"https:\/\/www.fimill.com\/wp-content\/uploads\/2024\/10\/IMG_6508-scaled-e1727960705743.jpeg\" alt=\"\" width=\"504\" height=\"406\" srcset=\"https:\/\/www.fimill.com\/wp-content\/uploads\/2024\/10\/IMG_6508-scaled-e1727960705743.jpeg 2150w, https:\/\/www.fimill.com\/wp-content\/uploads\/2024\/10\/IMG_6508-scaled-e1727960705743-300x242.jpeg 300w, https:\/\/www.fimill.com\/wp-content\/uploads\/2024\/10\/IMG_6508-scaled-e1727960705743-1024x825.jpeg 1024w, https:\/\/www.fimill.com\/wp-content\/uploads\/2024\/10\/IMG_6508-scaled-e1727960705743-768x619.jpeg 768w, https:\/\/www.fimill.com\/wp-content\/uploads\/2024\/10\/IMG_6508-scaled-e1727960705743-1536x1237.jpeg 1536w, https:\/\/www.fimill.com\/wp-content\/uploads\/2024\/10\/IMG_6508-scaled-e1727960705743-2048x1650.jpeg 2048w\" sizes=\"auto, (max-width: 504px) 100vw, 504px\" \/><\/a><\/p>\n<p>&nbsp;<\/p>\n<p>&nbsp;<\/p>\n<p>&nbsp;<\/p>\n<p>&nbsp;<\/p>\n<p style=\"text-align: center;\"><strong>EPOXIDOV\u00dd KOMPOZIT<\/strong><\/p>\n<p style=\"text-align: center;\">Drcen\u00ed + mikronizace<\/p>\n<p>&nbsp;<\/p>\n<p>&nbsp;<\/p>\n<p>&nbsp;<\/p>\n<p>&nbsp;<\/p>\n<p>&nbsp;<\/p>\n<p><a href=\"https:\/\/www.fimill.com\/index.php\/barevne-sklo-drceni\/\" rel=\"noopener\"><img loading=\"lazy\" decoding=\"async\" class=\"alignright wp-image-12914\" src=\"https:\/\/www.fimill.com\/wp-content\/uploads\/2025\/03\/IMG_6376-scaled-e1743253860541.jpg\" alt=\"\" width=\"502\" height=\"397\" srcset=\"https:\/\/www.fimill.com\/wp-content\/uploads\/2025\/03\/IMG_6376-scaled-e1743253860541.jpg 1695w, https:\/\/www.fimill.com\/wp-content\/uploads\/2025\/03\/IMG_6376-scaled-e1743253860541-300x237.jpg 300w, https:\/\/www.fimill.com\/wp-content\/uploads\/2025\/03\/IMG_6376-scaled-e1743253860541-1024x810.jpg 1024w, https:\/\/www.fimill.com\/wp-content\/uploads\/2025\/03\/IMG_6376-scaled-e1743253860541-768x607.jpg 768w, https:\/\/www.fimill.com\/wp-content\/uploads\/2025\/03\/IMG_6376-scaled-e1743253860541-1536x1214.jpg 1536w\" sizes=\"auto, (max-width: 502px) 100vw, 502px\" \/><\/a><\/p>\n<p>&nbsp;<\/p>\n<p>&nbsp;<\/p>\n<p>&nbsp;<\/p>\n<p>&nbsp;<\/p>\n<p>&nbsp;<\/p>\n<p style=\"text-align: center;\"><strong>SKLEN\u011aN\u00c9 ST\u0158EPY<\/strong><\/p>\n<p style=\"text-align: center;\">Drcen\u00ed<\/p>\n<p>&nbsp;<\/p>\n<p>&nbsp;<\/p>\n<p>&nbsp;<\/p>\n<p><a href=\"https:\/\/www.fimill.com\/index.php\/drceni-polyesteroveho-kompozitu\/\" rel=\"noopener\"><img loading=\"lazy\" decoding=\"async\" class=\"alignleft wp-image-12304\" src=\"https:\/\/www.fimill.com\/wp-content\/uploads\/2024\/10\/IMG_6623-scaled.jpg\" alt=\"\" width=\"501\" height=\"376\" srcset=\"https:\/\/www.fimill.com\/wp-content\/uploads\/2024\/10\/IMG_6623-scaled.jpg 2560w, https:\/\/www.fimill.com\/wp-content\/uploads\/2024\/10\/IMG_6623-300x225.jpg 300w, https:\/\/www.fimill.com\/wp-content\/uploads\/2024\/10\/IMG_6623-1024x768.jpg 1024w, https:\/\/www.fimill.com\/wp-content\/uploads\/2024\/10\/IMG_6623-768x576.jpg 768w, https:\/\/www.fimill.com\/wp-content\/uploads\/2024\/10\/IMG_6623-1536x1152.jpg 1536w, https:\/\/www.fimill.com\/wp-content\/uploads\/2024\/10\/IMG_6623-2048x1536.jpg 2048w\" sizes=\"auto, (max-width: 501px) 100vw, 501px\" \/><\/a><\/p>\n<p>&nbsp;<\/p>\n<p>&nbsp;<\/p>\n<p>&nbsp;<\/p>\n<p>&nbsp;<\/p>\n<p>&nbsp;<\/p>\n<p style=\"text-align: center;\"><strong>POLYESTEROV\u00dd KOMPOZIT<\/strong><\/p>\n<p style=\"text-align: center;\">Drcen\u00ed<\/p>\n<p>&nbsp;<\/p>\n<p>&nbsp;<\/p>\n<p>&nbsp;<\/p>\n<p>&nbsp;<\/p>\n<p style=\"text-align: center;\">V\u00edce v <a href=\"https:\/\/www.fimill.com\/index.php\/galerie\/\">Projektech<\/a>.<\/p>\n","protected":false},"excerpt":{"rendered":"<p>APLIKACE | Technologie pro nov\u00fd \u017eivot materi\u00e1l\u016f | FIMILL (kliknut\u00edm na obr\u00e1zek zjist\u00edte v\u00edce) &nbsp; &nbsp; &nbsp; &nbsp; &nbsp; V\u00c1PENEC Miikronizace &nbsp; &nbsp; &nbsp; &nbsp; &nbsp; &nbsp; &nbsp; &nbsp; FUSINGOV\u00c9 SKLO Mikronizace + homogenn\u00ed m\u00edch\u00e1n\u00ed<\/p>\n<p class=\"link-more\"><a class=\"myButt\" href=\"https:\/\/www.fimill.com\/index.php\/aplikace\/\">Read More<\/a><\/p>\n","protected":false},"author":1,"featured_media":0,"parent":0,"menu_order":0,"comment_status":"closed","ping_status":"closed","template":"","meta":{"_monsterinsights_skip_tracking":false,"_monsterinsights_sitenote_active":false,"_monsterinsights_sitenote_note":"","_monsterinsights_sitenote_category":0,"_uf_show_specific_survey":0,"_uf_disable_surveys":false,"_kadence_starter_templates_imported_post":false,"footnotes":""},"class_list":["post-12522","page","type-page","status-publish","hentry"],"_links":{"self":[{"href":"https:\/\/www.fimill.com\/index.php\/wp-json\/wp\/v2\/pages\/12522","targetHints":{"allow":["GET"]}}],"collection":[{"href":"https:\/\/www.fimill.com\/index.php\/wp-json\/wp\/v2\/pages"}],"about":[{"href":"https:\/\/www.fimill.com\/index.php\/wp-json\/wp\/v2\/types\/page"}],"author":[{"embeddable":true,"href":"https:\/\/www.fimill.com\/index.php\/wp-json\/wp\/v2\/users\/1"}],"replies":[{"embeddable":true,"href":"https:\/\/www.fimill.com\/index.php\/wp-json\/wp\/v2\/comments?post=12522"}],"version-history":[{"count":35,"href":"https:\/\/www.fimill.com\/index.php\/wp-json\/wp\/v2\/pages\/12522\/revisions"}],"predecessor-version":[{"id":12616,"href":"https:\/\/www.fimill.com\/index.php\/wp-json\/wp\/v2\/pages\/12522\/revisions\/12616"}],"wp:attachment":[{"href":"https:\/\/www.fimill.com\/index.php\/wp-json\/wp\/v2\/media?parent=12522"}],"curies":[{"name":"wp","href":"https:\/\/api.w.org\/{rel}","templated":true}]}}