{"id":11716,"date":"2024-10-02T19:38:18","date_gmt":"2024-10-02T18:38:18","guid":{"rendered":"https:\/\/www.fimill.com\/?page_id=11716"},"modified":"2024-11-19T20:29:23","modified_gmt":"2024-11-19T19:29:23","slug":"barevne-sklo-drceni","status":"publish","type":"page","link":"https:\/\/www.fimill.com\/index.php\/barevne-sklo-drceni\/","title":{"rendered":"Drcen\u00ed sklen\u011bn\u00fdch st\u0159ep\u016f"},"content":{"rendered":"<p><strong>Zad\u00e1n\u00ed<\/strong><\/p>\n<p>Nadrtit mix sklen\u011bn\u00fdch st\u0159ep\u016f na frakci 0-10 mm pro testov\u00e1n\u00ed na vyu\u017eit\u00ed ve stavebnictv\u00ed.<\/p>\n<p><strong>Pr\u016fb\u011bh a v\u00fdsledek <\/strong><\/p>\n<p>Dodan\u00fd materi\u00e1l byl zpracov\u00e1n na drti\u010di s nastavitelnou velikosti v\u00fdstupn\u00ed frakce. Z nadrcen\u00e9ho materi\u00e1lu byly p\u0159ipraveny po\u017eadovan\u00e9 vzorky.<\/p>\n<p>&nbsp;<\/p>\n<p style=\"text-align: center;\">Materi\u00e1l p\u0159ed (vlevo) a po zpracov\u00e1n\u00ed (vpravo)<\/p>\n<p>&nbsp;<\/p>\n<p><a href=\"https:\/\/www.fimill.com\/wp-content\/uploads\/2024\/10\/IMG_6487-scaled-e1729212032658.jpg\" rel=\"noopener\"><img loading=\"lazy\" decoding=\"async\" class=\"alignleft wp-image-12210\" src=\"https:\/\/www.fimill.com\/wp-content\/uploads\/2024\/10\/IMG_6487-scaled-e1729212032658.jpg\" alt=\"\" width=\"467\" height=\"351\" srcset=\"https:\/\/www.fimill.com\/wp-content\/uploads\/2024\/10\/IMG_6487-scaled-e1729212032658.jpg 2560w, https:\/\/www.fimill.com\/wp-content\/uploads\/2024\/10\/IMG_6487-scaled-e1729212032658-300x225.jpg 300w, https:\/\/www.fimill.com\/wp-content\/uploads\/2024\/10\/IMG_6487-scaled-e1729212032658-1024x768.jpg 1024w, https:\/\/www.fimill.com\/wp-content\/uploads\/2024\/10\/IMG_6487-scaled-e1729212032658-768x576.jpg 768w, https:\/\/www.fimill.com\/wp-content\/uploads\/2024\/10\/IMG_6487-scaled-e1729212032658-1536x1152.jpg 1536w, https:\/\/www.fimill.com\/wp-content\/uploads\/2024\/10\/IMG_6487-scaled-e1729212032658-2048x1536.jpg 2048w\" sizes=\"auto, (max-width: 467px) 100vw, 467px\" \/><\/a><a href=\"https:\/\/www.fimill.com\/wp-content\/uploads\/2024\/10\/IMG_6495-scaled.jpeg\" rel=\"noopener\"><img loading=\"lazy\" decoding=\"async\" class=\"alignright wp-image-12211\" src=\"https:\/\/www.fimill.com\/wp-content\/uploads\/2024\/10\/IMG_6495-scaled.jpeg\" alt=\"\" width=\"467\" height=\"350\" srcset=\"https:\/\/www.fimill.com\/wp-content\/uploads\/2024\/10\/IMG_6495-scaled.jpeg 2560w, https:\/\/www.fimill.com\/wp-content\/uploads\/2024\/10\/IMG_6495-300x225.jpeg 300w, https:\/\/www.fimill.com\/wp-content\/uploads\/2024\/10\/IMG_6495-1024x768.jpeg 1024w, https:\/\/www.fimill.com\/wp-content\/uploads\/2024\/10\/IMG_6495-768x576.jpeg 768w, https:\/\/www.fimill.com\/wp-content\/uploads\/2024\/10\/IMG_6495-1536x1152.jpeg 1536w, https:\/\/www.fimill.com\/wp-content\/uploads\/2024\/10\/IMG_6495-2048x1536.jpeg 2048w\" sizes=\"auto, (max-width: 467px) 100vw, 467px\" \/><\/a><\/p>\n","protected":false},"excerpt":{"rendered":"<p>Zad\u00e1n\u00ed Nadrtit mix sklen\u011bn\u00fdch st\u0159ep\u016f na frakci 0-10 mm pro testov\u00e1n\u00ed na vyu\u017eit\u00ed ve stavebnictv\u00ed. Pr\u016fb\u011bh a v\u00fdsledek Dodan\u00fd materi\u00e1l byl zpracov\u00e1n na drti\u010di s nastavitelnou velikosti v\u00fdstupn\u00ed frakce. Z nadrcen\u00e9ho materi\u00e1lu byly p\u0159ipraveny po\u017eadovan\u00e9<\/p>\n<p class=\"link-more\"><a class=\"myButt\" href=\"https:\/\/www.fimill.com\/index.php\/barevne-sklo-drceni\/\">Read More<\/a><\/p>\n","protected":false},"author":1,"featured_media":0,"parent":0,"menu_order":0,"comment_status":"closed","ping_status":"closed","template":"","meta":{"_monsterinsights_skip_tracking":false,"_monsterinsights_sitenote_active":false,"_monsterinsights_sitenote_note":"","_monsterinsights_sitenote_category":0,"_uf_show_specific_survey":0,"_uf_disable_surveys":false,"_kadence_starter_templates_imported_post":false,"footnotes":""},"class_list":["post-11716","page","type-page","status-publish","hentry"],"_links":{"self":[{"href":"https:\/\/www.fimill.com\/index.php\/wp-json\/wp\/v2\/pages\/11716","targetHints":{"allow":["GET"]}}],"collection":[{"href":"https:\/\/www.fimill.com\/index.php\/wp-json\/wp\/v2\/pages"}],"about":[{"href":"https:\/\/www.fimill.com\/index.php\/wp-json\/wp\/v2\/types\/page"}],"author":[{"embeddable":true,"href":"https:\/\/www.fimill.com\/index.php\/wp-json\/wp\/v2\/users\/1"}],"replies":[{"embeddable":true,"href":"https:\/\/www.fimill.com\/index.php\/wp-json\/wp\/v2\/comments?post=11716"}],"version-history":[{"count":17,"href":"https:\/\/www.fimill.com\/index.php\/wp-json\/wp\/v2\/pages\/11716\/revisions"}],"predecessor-version":[{"id":12400,"href":"https:\/\/www.fimill.com\/index.php\/wp-json\/wp\/v2\/pages\/11716\/revisions\/12400"}],"wp:attachment":[{"href":"https:\/\/www.fimill.com\/index.php\/wp-json\/wp\/v2\/media?parent=11716"}],"curies":[{"name":"wp","href":"https:\/\/api.w.org\/{rel}","templated":true}]}}