{"id":11566,"date":"2024-05-27T20:43:46","date_gmt":"2024-05-27T19:43:46","guid":{"rendered":"https:\/\/www.fimill.com\/?page_id=11566"},"modified":"2025-10-28T23:01:29","modified_gmt":"2025-10-28T22:01:29","slug":"drceni-a-mikronizace-epoxidoveho-kompozitu","status":"publish","type":"page","link":"https:\/\/www.fimill.com\/index.php\/drceni-a-mikronizace-epoxidoveho-kompozitu\/","title":{"rendered":"Drcen\u00ed a mikronizace epoxidov\u00e9ho kompozitu"},"content":{"rendered":"<p><strong>Zad\u00e1n\u00ed<\/strong><\/p>\n<p>Zpracovat kusy epoxidov\u00e9ho kompozitu na frakci 0-100 mikron\u016f a z t\u00e9to frakce p\u0159ipravit vzorky pro dal\u0161\u00ed testov\u00e1n\u00ed.<\/p>\n<p><strong>Pr\u016fb\u011bh a v\u00fdsledek<\/strong><\/p>\n<p>Nejprve bylo nutn\u00e9 dodan\u00fd materi\u00e1l nadrtit na optim\u00e1ln\u00ed frakci pro mikronizac\u00ed o velikosti \u010d\u00e1stic \u2264 5 mm. Tento materi\u00e1l byl pak n\u00e1sledn\u011b mikronizov\u00e1n na z\u00e1kazn\u00edkem po\u017eadovanou frakci 0-100 mikron\u016f a z n\u00ed byly p\u0159ipraveny po\u017eadovan\u00e9 vzorky.<\/p>\n<p>&nbsp;<\/p>\n<p style=\"text-align: center;\">Vstupn\u00ed materi\u00e1l (vlevo) a fin\u00e1ln\u00ed produkt (vpravo)<\/p>\n<p>&nbsp;<\/p>\n<p><a href=\"https:\/\/www.fimill.com\/wp-content\/uploads\/2024\/09\/IMG_4911-2-scaled.jpg\" rel=\"noopener\"><img loading=\"lazy\" decoding=\"async\" class=\"alignright wp-image-11675\" src=\"https:\/\/www.fimill.com\/wp-content\/uploads\/2024\/09\/IMG_4911-2-scaled.jpg\" alt=\"\" width=\"452\" height=\"303\" srcset=\"https:\/\/www.fimill.com\/wp-content\/uploads\/2024\/09\/IMG_4911-2-scaled.jpg 2560w, https:\/\/www.fimill.com\/wp-content\/uploads\/2024\/09\/IMG_4911-2-300x201.jpg 300w, https:\/\/www.fimill.com\/wp-content\/uploads\/2024\/09\/IMG_4911-2-1024x686.jpg 1024w, https:\/\/www.fimill.com\/wp-content\/uploads\/2024\/09\/IMG_4911-2-768x515.jpg 768w, https:\/\/www.fimill.com\/wp-content\/uploads\/2024\/09\/IMG_4911-2-1536x1030.jpg 1536w, https:\/\/www.fimill.com\/wp-content\/uploads\/2024\/09\/IMG_4911-2-2048x1373.jpg 2048w\" sizes=\"auto, (max-width: 452px) 100vw, 452px\" \/><\/a><a href=\"https:\/\/www.fimill.com\/wp-content\/uploads\/2025\/03\/IMG_4905-2-scaled.jpeg\"><img loading=\"lazy\" decoding=\"async\" class=\"alignnone wp-image-12853\" src=\"https:\/\/www.fimill.com\/wp-content\/uploads\/2025\/03\/IMG_4905-2-scaled.jpeg\" alt=\"\" width=\"436\" height=\"303\" srcset=\"https:\/\/www.fimill.com\/wp-content\/uploads\/2025\/03\/IMG_4905-2-scaled.jpeg 2560w, https:\/\/www.fimill.com\/wp-content\/uploads\/2025\/03\/IMG_4905-2-300x209.jpeg 300w, https:\/\/www.fimill.com\/wp-content\/uploads\/2025\/03\/IMG_4905-2-1024x712.jpeg 1024w, https:\/\/www.fimill.com\/wp-content\/uploads\/2025\/03\/IMG_4905-2-768x534.jpeg 768w, https:\/\/www.fimill.com\/wp-content\/uploads\/2025\/03\/IMG_4905-2-1536x1069.jpeg 1536w, https:\/\/www.fimill.com\/wp-content\/uploads\/2025\/03\/IMG_4905-2-2048x1425.jpeg 2048w\" sizes=\"auto, (max-width: 436px) 100vw, 436px\" \/><\/a><\/p>\n","protected":false},"excerpt":{"rendered":"<p>Zad\u00e1n\u00ed Zpracovat kusy epoxidov\u00e9ho kompozitu na frakci 0-100 mikron\u016f a z t\u00e9to frakce p\u0159ipravit vzorky pro dal\u0161\u00ed testov\u00e1n\u00ed. Pr\u016fb\u011bh a v\u00fdsledek Nejprve bylo nutn\u00e9 dodan\u00fd materi\u00e1l nadrtit na optim\u00e1ln\u00ed frakci pro mikronizac\u00ed o velikosti \u010d\u00e1stic<\/p>\n<p class=\"link-more\"><a class=\"myButt\" href=\"https:\/\/www.fimill.com\/index.php\/drceni-a-mikronizace-epoxidoveho-kompozitu\/\">Read More<\/a><\/p>\n","protected":false},"author":1,"featured_media":0,"parent":0,"menu_order":0,"comment_status":"closed","ping_status":"closed","template":"","meta":{"_monsterinsights_skip_tracking":false,"_monsterinsights_sitenote_active":false,"_monsterinsights_sitenote_note":"","_monsterinsights_sitenote_category":0,"_uf_show_specific_survey":0,"_uf_disable_surveys":false,"_kadence_starter_templates_imported_post":false,"footnotes":""},"class_list":["post-11566","page","type-page","status-publish","hentry"],"_links":{"self":[{"href":"https:\/\/www.fimill.com\/index.php\/wp-json\/wp\/v2\/pages\/11566","targetHints":{"allow":["GET"]}}],"collection":[{"href":"https:\/\/www.fimill.com\/index.php\/wp-json\/wp\/v2\/pages"}],"about":[{"href":"https:\/\/www.fimill.com\/index.php\/wp-json\/wp\/v2\/types\/page"}],"author":[{"embeddable":true,"href":"https:\/\/www.fimill.com\/index.php\/wp-json\/wp\/v2\/users\/1"}],"replies":[{"embeddable":true,"href":"https:\/\/www.fimill.com\/index.php\/wp-json\/wp\/v2\/comments?post=11566"}],"version-history":[{"count":43,"href":"https:\/\/www.fimill.com\/index.php\/wp-json\/wp\/v2\/pages\/11566\/revisions"}],"predecessor-version":[{"id":13036,"href":"https:\/\/www.fimill.com\/index.php\/wp-json\/wp\/v2\/pages\/11566\/revisions\/13036"}],"wp:attachment":[{"href":"https:\/\/www.fimill.com\/index.php\/wp-json\/wp\/v2\/media?parent=11566"}],"curies":[{"name":"wp","href":"https:\/\/api.w.org\/{rel}","templated":true}]}}