{"id":11353,"date":"2024-05-18T22:23:10","date_gmt":"2024-05-18T21:23:10","guid":{"rendered":"https:\/\/www.fimill.com\/?page_id=11353"},"modified":"2025-11-03T01:52:42","modified_gmt":"2025-11-03T00:52:42","slug":"drceni-kremenneho-skla-2024","status":"publish","type":"page","link":"https:\/\/www.fimill.com\/index.php\/drceni-kremenneho-skla-2024\/","title":{"rendered":"Drcen\u00ed k\u0159emenn\u00e9ho skla"},"content":{"rendered":"<p><strong>Zad\u00e1n\u00ed<\/strong><\/p>\n<p>Nadrtit odpadn\u00ed k\u0159emenn\u00e9 sklo na frakci 0 &#8211; 12 mm a umo\u017enit tak jeho dal\u0161\u00ed vyu\u017eit\u00ed p\u0159i v\u00fdrob\u011b \u017e\u00e1ruvzdorn\u00fdch materi\u00e1l\u016f.<\/p>\n<p><strong>Pr\u016fb\u011bh a v\u00fdsledek<\/strong><\/p>\n<p class=\"p1\">Testovac\u00ed vzorky jsme p\u0159ipravili velmi rychle a rovn\u011b\u017e sestaven\u00ed v\u00fdrobn\u00ed receptury prob\u011bhlo hladce a bez komplikac\u00ed.<\/p>\n<p class=\"p1\">V\u00fdzvou bylo, \u017ee p\u016fvodce k\u0159emenn\u00fdch st\u0159ep\u016f je evidoval jako odpad ur\u010den\u00fd k likvidaci na skl\u00e1dce. Bylo proto nezbytn\u00e9 tento stav zm\u011bnit a vyjmout materi\u00e1l z re\u017eimu odpadov\u00e9ho hospod\u00e1\u0159stv\u00ed.<\/p>\n<p class=\"p1\">Ve spolupr\u00e1ci s Ministerstvem pr\u016fmyslu a obchodu jsme na\u0161li \u0159e\u0161en\u00ed spo\u010d\u00edvaj\u00edc\u00ed v p\u0159eveden\u00ed materi\u00e1lu v souladu s platnou legislativou do re\u017eimu druhotn\u00e9 suroviny. Pak u\u017e jen zb\u00fdvala mali\u010dkost &#8211; p\u0159esv\u011bd\u010dit p\u016fvodce odpadu, p\u0159\u00edslu\u0161n\u00e9 \u00fa\u0159ady a dosavadn\u00edho likvid\u00e1tora odpadu aby s na\u0161\u00edm \u0159e\u0161en\u00edm souhlasili. Snadn\u00e9 ani rychl\u00e9 to nebylo, ale nakonec se n\u00e1m to p\u0159ece jen poda\u0159ilo.<\/p>\n<p class=\"p1\">Toto inovativn\u00ed \u0159e\u0161en\u00ed p\u0159in\u00e1\u0161\u00ed v\u00fdhody v\u0161em z\u00fa\u010dastn\u011bn\u00fdm: b\u00fdval\u00fd p\u016fvodce odpadu si vylep\u0161uje bilanci v ESG reportingu zat\u00edmco v\u00fdrobce \u017e\u00e1ruvzdorn\u00fdch materi\u00e1l\u016f z\u00edsk\u00e1v\u00e1 stabiln\u00ed zdroj \u017e\u00e1dan\u00e9 suroviny a sni\u017euje svou z\u00e1vislost na dovozu.<\/p>\n<p class=\"p1\">N\u00e1mi realizovan\u00e9 \u0159e\u0161en\u00ed m\u00e1 sou\u010dasn\u011b pozitivn\u00ed dopad na \u017eivotn\u00ed prost\u0159ed\u00ed a je v souladu s principy cirkul\u00e1rn\u00ed ekonomiky.<\/p>\n<p>&nbsp;<\/p>\n<p style=\"text-align: center;\">K\u0159emenn\u00e9 st\u0159epy p\u0159ed (vlevo) a po drcen\u00ed (vpravo)<\/p>\n<p>&nbsp;<\/p>\n<p><a href=\"https:\/\/www.fimill.com\/wp-content\/uploads\/2024\/10\/IMG_3307photo-scaled.jpg\" rel=\"noopener\"><img loading=\"lazy\" decoding=\"async\" class=\"alignleft wp-image-11786\" src=\"https:\/\/www.fimill.com\/wp-content\/uploads\/2024\/10\/IMG_3307photo-scaled.jpg\" alt=\"\" width=\"447\" height=\"335\" srcset=\"https:\/\/www.fimill.com\/wp-content\/uploads\/2024\/10\/IMG_3307photo-scaled.jpg 2560w, https:\/\/www.fimill.com\/wp-content\/uploads\/2024\/10\/IMG_3307photo-300x225.jpg 300w, https:\/\/www.fimill.com\/wp-content\/uploads\/2024\/10\/IMG_3307photo-1024x768.jpg 1024w, https:\/\/www.fimill.com\/wp-content\/uploads\/2024\/10\/IMG_3307photo-768x576.jpg 768w, https:\/\/www.fimill.com\/wp-content\/uploads\/2024\/10\/IMG_3307photo-1536x1152.jpg 1536w, https:\/\/www.fimill.com\/wp-content\/uploads\/2024\/10\/IMG_3307photo-2048x1536.jpg 2048w\" sizes=\"auto, (max-width: 447px) 100vw, 447px\" \/><\/a><\/p>\n<p><a href=\"https:\/\/www.fimill.com\/wp-content\/uploads\/2025\/11\/IMG_0449-scaled-e1762131023146.jpeg\"><img loading=\"lazy\" decoding=\"async\" class=\"wp-image-13061 alignright\" src=\"https:\/\/www.fimill.com\/wp-content\/uploads\/2025\/11\/IMG_0449-scaled-e1762131023146.jpeg\" alt=\"\" width=\"450\" height=\"337\" srcset=\"https:\/\/www.fimill.com\/wp-content\/uploads\/2025\/11\/IMG_0449-scaled-e1762131023146.jpeg 2560w, https:\/\/www.fimill.com\/wp-content\/uploads\/2025\/11\/IMG_0449-scaled-e1762131023146-300x225.jpeg 300w, https:\/\/www.fimill.com\/wp-content\/uploads\/2025\/11\/IMG_0449-scaled-e1762131023146-1024x768.jpeg 1024w, https:\/\/www.fimill.com\/wp-content\/uploads\/2025\/11\/IMG_0449-scaled-e1762131023146-768x576.jpeg 768w, https:\/\/www.fimill.com\/wp-content\/uploads\/2025\/11\/IMG_0449-scaled-e1762131023146-1536x1152.jpeg 1536w, https:\/\/www.fimill.com\/wp-content\/uploads\/2025\/11\/IMG_0449-scaled-e1762131023146-2048x1536.jpeg 2048w\" sizes=\"auto, (max-width: 450px) 100vw, 450px\" \/><\/a><\/p>\n<p>&nbsp;<\/p>\n<p>&nbsp;<\/p>\n<p>&nbsp;<\/p>\n<p>&nbsp;<\/p>\n<p>&nbsp;<\/p>\n<p>&nbsp;<\/p>\n","protected":false},"excerpt":{"rendered":"<p>Zad\u00e1n\u00ed Nadrtit odpadn\u00ed k\u0159emenn\u00e9 sklo na frakci 0 &#8211; 12 mm a umo\u017enit tak jeho dal\u0161\u00ed vyu\u017eit\u00ed p\u0159i v\u00fdrob\u011b \u017e\u00e1ruvzdorn\u00fdch materi\u00e1l\u016f. Pr\u016fb\u011bh a v\u00fdsledek Testovac\u00ed vzorky jsme p\u0159ipravili velmi rychle a rovn\u011b\u017e sestaven\u00ed v\u00fdrobn\u00ed receptury<\/p>\n<p class=\"link-more\"><a class=\"myButt\" href=\"https:\/\/www.fimill.com\/index.php\/drceni-kremenneho-skla-2024\/\">Read More<\/a><\/p>\n","protected":false},"author":1,"featured_media":0,"parent":0,"menu_order":0,"comment_status":"closed","ping_status":"closed","template":"","meta":{"_monsterinsights_skip_tracking":false,"_monsterinsights_sitenote_active":false,"_monsterinsights_sitenote_note":"","_monsterinsights_sitenote_category":0,"_uf_show_specific_survey":0,"_uf_disable_surveys":false,"_kadence_starter_templates_imported_post":false,"footnotes":""},"class_list":["post-11353","page","type-page","status-publish","hentry"],"_links":{"self":[{"href":"https:\/\/www.fimill.com\/index.php\/wp-json\/wp\/v2\/pages\/11353","targetHints":{"allow":["GET"]}}],"collection":[{"href":"https:\/\/www.fimill.com\/index.php\/wp-json\/wp\/v2\/pages"}],"about":[{"href":"https:\/\/www.fimill.com\/index.php\/wp-json\/wp\/v2\/types\/page"}],"author":[{"embeddable":true,"href":"https:\/\/www.fimill.com\/index.php\/wp-json\/wp\/v2\/users\/1"}],"replies":[{"embeddable":true,"href":"https:\/\/www.fimill.com\/index.php\/wp-json\/wp\/v2\/comments?post=11353"}],"version-history":[{"count":63,"href":"https:\/\/www.fimill.com\/index.php\/wp-json\/wp\/v2\/pages\/11353\/revisions"}],"predecessor-version":[{"id":13062,"href":"https:\/\/www.fimill.com\/index.php\/wp-json\/wp\/v2\/pages\/11353\/revisions\/13062"}],"wp:attachment":[{"href":"https:\/\/www.fimill.com\/index.php\/wp-json\/wp\/v2\/media?parent=11353"}],"curies":[{"name":"wp","href":"https:\/\/api.w.org\/{rel}","templated":true}]}}