{"id":11314,"date":"2024-05-18T20:40:55","date_gmt":"2024-05-18T19:40:55","guid":{"rendered":"https:\/\/www.fimill.com\/?page_id=11314"},"modified":"2024-11-19T20:36:23","modified_gmt":"2024-11-19T19:36:23","slug":"mikronizace-ocelarenske-strusky-2023","status":"publish","type":"page","link":"https:\/\/www.fimill.com\/index.php\/mikronizace-ocelarenske-strusky-2023\/","title":{"rendered":"Mikronizace ocel\u00e1rensk\u00e9 strusky"},"content":{"rendered":"<p><strong>Zad\u00e1n\u00ed<\/strong><\/p>\n<p>Mikronizovat ocel\u00e1renskou strusku na m\u011brn\u00fd povrch o hodnot\u011b 400-500 m2\/kg. D\u00e1le pak p\u0159ipravit vzorky pro testov\u00e1n\u00ed mikronizovan\u00e9 strusky jako n\u00e1hrady za cement v betonu.<\/p>\n<p><strong>Pr\u016fb\u011bh a v\u00fdsledek<\/strong><\/p>\n<p>Nejprve bylo t\u0159eba nal\u00e9zt vztah mezi z\u00e1kazn\u00edkem po\u017eadovan\u00fdm krit\u00e9riem pro jemnost mlet\u00ed &#8211; hodnotou m\u011brn\u00e9ho povrchu podle permeabiln\u00ed metody (Blain) &#8211; a n\u00e1mi pro tento \u00fa\u010del pou\u017e\u00edvanou metodu laserov\u00e9 difrakce. Museli jsme prov\u00e9st mno\u017estv\u00ed test\u016f a m\u011b\u0159en\u00ed ne\u017e jsme si ov\u011b\u0159ili, \u017ee v p\u0159\u00edpad\u011b tohoto materi\u00e1lu je mo\u017en\u00e9 se spolehnout na hodnoty m\u011brn\u00e9ho povrchu nam\u011b\u0159en\u00e9 laserovou difrakc\u00ed.<\/p>\n<p>D\u00edky tomu se n\u00e1m poda\u0159ilo mikronizovat strusku na z\u00e1kazn\u00edkem po\u017eadovanou hodnotu m\u011brn\u00e9ho povrchu, p\u0159ipravit po\u017eadovan\u00e9 mno\u017estv\u00ed vzork\u016f a odevzdat je na p\u0159\u00edslu\u0161n\u00e9 testovac\u00ed pracovi\u0161t\u011b.<\/p>\n<p>&nbsp;<\/p>\n<p style=\"text-align: center;\">Ocel\u00e1rensk\u00e1 struska p\u0159ed (vlevo) a po mikronizaci (vpravo)<\/p>\n<p>&nbsp;<\/p>\n<p><a href=\"https:\/\/www.fimill.com\/wp-content\/uploads\/2024\/05\/IMG_3278photo-scaled.jpg\" rel=\"noopener\"><img loading=\"lazy\" decoding=\"async\" class=\"alignleft wp-image-11348\" src=\"https:\/\/www.fimill.com\/wp-content\/uploads\/2024\/05\/IMG_3278photo-scaled.jpg\" alt=\"\" width=\"421\" height=\"316\" srcset=\"https:\/\/www.fimill.com\/wp-content\/uploads\/2024\/05\/IMG_3278photo-scaled.jpg 2560w, https:\/\/www.fimill.com\/wp-content\/uploads\/2024\/05\/IMG_3278photo-300x225.jpg 300w, https:\/\/www.fimill.com\/wp-content\/uploads\/2024\/05\/IMG_3278photo-1024x768.jpg 1024w, https:\/\/www.fimill.com\/wp-content\/uploads\/2024\/05\/IMG_3278photo-768x576.jpg 768w, https:\/\/www.fimill.com\/wp-content\/uploads\/2024\/05\/IMG_3278photo-1536x1152.jpg 1536w, https:\/\/www.fimill.com\/wp-content\/uploads\/2024\/05\/IMG_3278photo-2048x1536.jpg 2048w\" sizes=\"auto, (max-width: 421px) 100vw, 421px\" \/><\/a><a href=\"https:\/\/www.fimill.com\/wp-content\/uploads\/2024\/05\/IMG_3300photo-scaled.jpg\" rel=\"noopener\"><img loading=\"lazy\" decoding=\"async\" class=\"alignright wp-image-11324\" src=\"https:\/\/www.fimill.com\/wp-content\/uploads\/2024\/05\/IMG_3300photo-scaled.jpg\" alt=\"\" width=\"426\" height=\"320\" srcset=\"https:\/\/www.fimill.com\/wp-content\/uploads\/2024\/05\/IMG_3300photo-scaled.jpg 2560w, https:\/\/www.fimill.com\/wp-content\/uploads\/2024\/05\/IMG_3300photo-300x225.jpg 300w, https:\/\/www.fimill.com\/wp-content\/uploads\/2024\/05\/IMG_3300photo-1024x768.jpg 1024w, https:\/\/www.fimill.com\/wp-content\/uploads\/2024\/05\/IMG_3300photo-768x576.jpg 768w, https:\/\/www.fimill.com\/wp-content\/uploads\/2024\/05\/IMG_3300photo-1536x1152.jpg 1536w, https:\/\/www.fimill.com\/wp-content\/uploads\/2024\/05\/IMG_3300photo-2048x1536.jpg 2048w\" sizes=\"auto, (max-width: 426px) 100vw, 426px\" \/><\/a><\/p>\n<p>&nbsp;<\/p>\n<p>&nbsp;<\/p>\n<p>&nbsp;<\/p>\n<p>&nbsp;<\/p>\n<p>&nbsp;<\/p>\n<p>&nbsp;<\/p>\n<p>&nbsp;<\/p>\n<p>&nbsp;<\/p>\n","protected":false},"excerpt":{"rendered":"<p>Zad\u00e1n\u00ed Mikronizovat ocel\u00e1renskou strusku na m\u011brn\u00fd povrch o hodnot\u011b 400-500 m2\/kg. D\u00e1le pak p\u0159ipravit vzorky pro testov\u00e1n\u00ed mikronizovan\u00e9 strusky jako n\u00e1hrady za cement v betonu. Pr\u016fb\u011bh a v\u00fdsledek Nejprve bylo t\u0159eba nal\u00e9zt vztah mezi z\u00e1kazn\u00edkem<\/p>\n<p class=\"link-more\"><a class=\"myButt\" href=\"https:\/\/www.fimill.com\/index.php\/mikronizace-ocelarenske-strusky-2023\/\">Read More<\/a><\/p>\n","protected":false},"author":1,"featured_media":0,"parent":0,"menu_order":0,"comment_status":"closed","ping_status":"closed","template":"","meta":{"_monsterinsights_skip_tracking":false,"_monsterinsights_sitenote_active":false,"_monsterinsights_sitenote_note":"","_monsterinsights_sitenote_category":0,"_uf_show_specific_survey":0,"_uf_disable_surveys":false,"_kadence_starter_templates_imported_post":false,"footnotes":""},"class_list":["post-11314","page","type-page","status-publish","hentry"],"_links":{"self":[{"href":"https:\/\/www.fimill.com\/index.php\/wp-json\/wp\/v2\/pages\/11314","targetHints":{"allow":["GET"]}}],"collection":[{"href":"https:\/\/www.fimill.com\/index.php\/wp-json\/wp\/v2\/pages"}],"about":[{"href":"https:\/\/www.fimill.com\/index.php\/wp-json\/wp\/v2\/types\/page"}],"author":[{"embeddable":true,"href":"https:\/\/www.fimill.com\/index.php\/wp-json\/wp\/v2\/users\/1"}],"replies":[{"embeddable":true,"href":"https:\/\/www.fimill.com\/index.php\/wp-json\/wp\/v2\/comments?post=11314"}],"version-history":[{"count":40,"href":"https:\/\/www.fimill.com\/index.php\/wp-json\/wp\/v2\/pages\/11314\/revisions"}],"predecessor-version":[{"id":12407,"href":"https:\/\/www.fimill.com\/index.php\/wp-json\/wp\/v2\/pages\/11314\/revisions\/12407"}],"wp:attachment":[{"href":"https:\/\/www.fimill.com\/index.php\/wp-json\/wp\/v2\/media?parent=11314"}],"curies":[{"name":"wp","href":"https:\/\/api.w.org\/{rel}","templated":true}]}}