{"id":11293,"date":"2024-05-18T19:18:34","date_gmt":"2024-05-18T18:18:34","guid":{"rendered":"https:\/\/www.fimill.com\/?page_id=11293"},"modified":"2024-10-22T22:29:26","modified_gmt":"2024-10-22T21:29:26","slug":"mikronizace-fusingoveho-skla-2022","status":"publish","type":"page","link":"https:\/\/www.fimill.com\/index.php\/mikronizace-fusingoveho-skla-2022\/","title":{"rendered":"Mikronizace fusingov\u00e9ho skla"},"content":{"rendered":"<p><strong>Zad\u00e1n\u00ed<\/strong><\/p>\n<p>Mikronizovat fusingov\u00e9 sklo (fusing &#8211; speci\u00e1ln\u00ed technika sp\u00e9k\u00e1n\u00ed a tvarov\u00e1n\u00ed skla za pomoci vysok\u00fdch teplot) o velikosti \u010d\u00e1stic 0,36-1,00 mm na fin\u00e1ln\u00ed velikost 0,00-0,36 mm p\u0159i nulov\u00e9 kontaminaci \u010d\u00e1sticemi \u017eeleza. V\u00fdsledn\u00fd produkt pak homogenn\u011b nam\u00edchat z mikronizovan\u00fdch d\u00edl\u016f A a B.<\/p>\n<p><strong>Pr\u016fb\u011bh a v\u00fdsledek<\/strong><\/p>\n<p>Po po\u010d\u00e1te\u010dn\u00edch probl\u00e9mech s drobnou kontaminac\u00ed \u017eelezem a \u00faprav\u011b v\u00fdrobn\u00ed linky bylo mikronizov\u00e1no n\u011bkolik tun materi\u00e1lu bez jak\u00fdchkoliv p\u0159ipom\u00ednek ke zpracov\u00e1n\u00ed \u010di kvalit\u011b.<\/p>\n<p>&nbsp;<\/p>\n<p style=\"text-align: center;\">Vstupn\u00ed materi\u00e1l (vlevo), mikronizovan\u00fd materi\u00e1l d\u00edl A (st\u0159ed) a d\u00edl B (vpravo)<\/p>\n<p>&nbsp;<\/p>\n<p style=\"text-align: center;\"><a href=\"https:\/\/www.fimill.com\/wp-content\/uploads\/2024\/02\/IMG_0225photo-scaled-e1707241904927.jpg\"><img loading=\"lazy\" decoding=\"async\" class=\"alignnone size-full wp-image-9832\" src=\"https:\/\/www.fimill.com\/wp-content\/uploads\/2024\/02\/IMG_0225photo-scaled-e1707241904927.jpg\" alt=\"\" width=\"2427\" height=\"566\" srcset=\"https:\/\/www.fimill.com\/wp-content\/uploads\/2024\/02\/IMG_0225photo-scaled-e1707241904927.jpg 2427w, https:\/\/www.fimill.com\/wp-content\/uploads\/2024\/02\/IMG_0225photo-scaled-e1707241904927-300x70.jpg 300w, https:\/\/www.fimill.com\/wp-content\/uploads\/2024\/02\/IMG_0225photo-scaled-e1707241904927-1024x239.jpg 1024w, https:\/\/www.fimill.com\/wp-content\/uploads\/2024\/02\/IMG_0225photo-scaled-e1707241904927-768x179.jpg 768w, https:\/\/www.fimill.com\/wp-content\/uploads\/2024\/02\/IMG_0225photo-scaled-e1707241904927-1536x358.jpg 1536w, https:\/\/www.fimill.com\/wp-content\/uploads\/2024\/02\/IMG_0225photo-scaled-e1707241904927-2048x478.jpg 2048w\" sizes=\"auto, (max-width: 2427px) 100vw, 2427px\" \/><\/a><\/p>\n","protected":false},"excerpt":{"rendered":"<p>Zad\u00e1n\u00ed Mikronizovat fusingov\u00e9 sklo (fusing &#8211; speci\u00e1ln\u00ed technika sp\u00e9k\u00e1n\u00ed a tvarov\u00e1n\u00ed skla za pomoci vysok\u00fdch teplot) o velikosti \u010d\u00e1stic 0,36-1,00 mm na fin\u00e1ln\u00ed velikost 0,00-0,36 mm p\u0159i nulov\u00e9 kontaminaci \u010d\u00e1sticemi \u017eeleza. V\u00fdsledn\u00fd produkt pak homogenn\u011b<\/p>\n<p class=\"link-more\"><a class=\"myButt\" href=\"https:\/\/www.fimill.com\/index.php\/mikronizace-fusingoveho-skla-2022\/\">Read More<\/a><\/p>\n","protected":false},"author":1,"featured_media":0,"parent":0,"menu_order":0,"comment_status":"closed","ping_status":"closed","template":"","meta":{"_monsterinsights_skip_tracking":false,"_monsterinsights_sitenote_active":false,"_monsterinsights_sitenote_note":"","_monsterinsights_sitenote_category":0,"_uf_show_specific_survey":0,"_uf_disable_surveys":false,"_kadence_starter_templates_imported_post":false,"footnotes":""},"class_list":["post-11293","page","type-page","status-publish","hentry"],"_links":{"self":[{"href":"https:\/\/www.fimill.com\/index.php\/wp-json\/wp\/v2\/pages\/11293","targetHints":{"allow":["GET"]}}],"collection":[{"href":"https:\/\/www.fimill.com\/index.php\/wp-json\/wp\/v2\/pages"}],"about":[{"href":"https:\/\/www.fimill.com\/index.php\/wp-json\/wp\/v2\/types\/page"}],"author":[{"embeddable":true,"href":"https:\/\/www.fimill.com\/index.php\/wp-json\/wp\/v2\/users\/1"}],"replies":[{"embeddable":true,"href":"https:\/\/www.fimill.com\/index.php\/wp-json\/wp\/v2\/comments?post=11293"}],"version-history":[{"count":29,"href":"https:\/\/www.fimill.com\/index.php\/wp-json\/wp\/v2\/pages\/11293\/revisions"}],"predecessor-version":[{"id":12345,"href":"https:\/\/www.fimill.com\/index.php\/wp-json\/wp\/v2\/pages\/11293\/revisions\/12345"}],"wp:attachment":[{"href":"https:\/\/www.fimill.com\/index.php\/wp-json\/wp\/v2\/media?parent=11293"}],"curies":[{"name":"wp","href":"https:\/\/api.w.org\/{rel}","templated":true}]}}