{"id":11252,"date":"2024-05-18T17:39:13","date_gmt":"2024-05-18T16:39:13","guid":{"rendered":"https:\/\/www.fimill.com\/?page_id=11252"},"modified":"2025-03-03T01:07:35","modified_gmt":"2025-03-03T00:07:35","slug":"mikronizace-jemne-mleteho-vapence","status":"publish","type":"page","link":"https:\/\/www.fimill.com\/index.php\/mikronizace-jemne-mleteho-vapence\/","title":{"rendered":"Mikronizace v\u00e1pence"},"content":{"rendered":"<p><strong>Zad\u00e1n\u00ed<\/strong><\/p>\n<p>Mikronizovat jemn\u011b mlet\u00fd v\u00e1penec o velikosti \u010d\u00e1stic p\u0159i d90 = 25,1 mikron\u016f (0,0251 mm) na tryskov\u00e9m ml\u00fdnu FIMILL pro ov\u011b\u0159en\u00ed funk\u010dnosti a \u00fa\u010dinnosti mlet\u00ed.<\/p>\n<p><strong>Pr\u016fb\u011bh a v\u00fdsledek<\/strong><\/p>\n<p>Mikronizovan\u00fd v\u00e1penec o velikosti \u010d\u00e1stic p\u0159i d90 = 5,65 mikron\u016f (0,00565 mm).<br \/>\nFunk\u010dnost a \u00fa\u010dinnost tryskov\u00e9ho ml\u00fdna FIMILL potvrzena.<\/p>\n<p>&nbsp;<\/p>\n<p style=\"text-align: center;\">V\u00e1penec p\u0159ed (vlevo) a po mikronizaci (vpravo)<\/p>\n<p><a href=\"https:\/\/www.fimill.com\/wp-content\/uploads\/2024\/05\/IMG_6505-scaled.jpg\"><img loading=\"lazy\" decoding=\"async\" class=\"wp-image-11461 size-large aligncenter\" src=\"https:\/\/www.fimill.com\/wp-content\/uploads\/2024\/05\/IMG_6505-1024x768.jpg\" alt=\"\" width=\"640\" height=\"480\" srcset=\"https:\/\/www.fimill.com\/wp-content\/uploads\/2024\/05\/IMG_6505-1024x768.jpg 1024w, https:\/\/www.fimill.com\/wp-content\/uploads\/2024\/05\/IMG_6505-300x225.jpg 300w, https:\/\/www.fimill.com\/wp-content\/uploads\/2024\/05\/IMG_6505-768x576.jpg 768w, https:\/\/www.fimill.com\/wp-content\/uploads\/2024\/05\/IMG_6505-1536x1152.jpg 1536w, https:\/\/www.fimill.com\/wp-content\/uploads\/2024\/05\/IMG_6505-2048x1536.jpg 2048w\" sizes=\"auto, (max-width: 640px) 100vw, 640px\" \/><\/a><\/p>\n<p>&nbsp;<\/p>\n<p style=\"text-align: center;\">M\u011b\u0159en\u00ed velikosti \u010d\u00e1stic p\u0159ed (vlevo) a po mikronizaci (vpravo)<\/p>\n<p>&nbsp;<\/p>\n<p><a href=\"https:\/\/www.fimill.com\/wp-content\/uploads\/2024\/05\/56890-Sample.jpeg\" rel=\"noopener\"><img loading=\"lazy\" decoding=\"async\" class=\"alignleft wp-image-11478\" src=\"https:\/\/www.fimill.com\/wp-content\/uploads\/2024\/05\/56890-Sample.jpeg\" alt=\"\" width=\"441\" height=\"562\" srcset=\"https:\/\/www.fimill.com\/wp-content\/uploads\/2024\/05\/56890-Sample.jpeg 1347w, https:\/\/www.fimill.com\/wp-content\/uploads\/2024\/05\/56890-Sample-235x300.jpeg 235w, https:\/\/www.fimill.com\/wp-content\/uploads\/2024\/05\/56890-Sample-803x1024.jpeg 803w, https:\/\/www.fimill.com\/wp-content\/uploads\/2024\/05\/56890-Sample-768x980.jpeg 768w, https:\/\/www.fimill.com\/wp-content\/uploads\/2024\/05\/56890-Sample-1204x1536.jpeg 1204w\" sizes=\"auto, (max-width: 441px) 100vw, 441px\" \/><\/a><\/p>\n<p><a href=\"https:\/\/www.fimill.com\/wp-content\/uploads\/2024\/05\/LH-2-4-PD.jpeg\" rel=\"noopener\"><img loading=\"lazy\" decoding=\"async\" class=\"alignright wp-image-11479\" src=\"https:\/\/www.fimill.com\/wp-content\/uploads\/2024\/05\/LH-2-4-PD.jpeg\" alt=\"\" width=\"439\" height=\"565\" srcset=\"https:\/\/www.fimill.com\/wp-content\/uploads\/2024\/05\/LH-2-4-PD.jpeg 1321w, https:\/\/www.fimill.com\/wp-content\/uploads\/2024\/05\/LH-2-4-PD-233x300.jpeg 233w, https:\/\/www.fimill.com\/wp-content\/uploads\/2024\/05\/LH-2-4-PD-795x1024.jpeg 795w, https:\/\/www.fimill.com\/wp-content\/uploads\/2024\/05\/LH-2-4-PD-768x989.jpeg 768w, https:\/\/www.fimill.com\/wp-content\/uploads\/2024\/05\/LH-2-4-PD-1193x1536.jpeg 1193w\" sizes=\"auto, (max-width: 439px) 100vw, 439px\" \/><\/a><\/p>\n","protected":false},"excerpt":{"rendered":"<p>Zad\u00e1n\u00ed Mikronizovat jemn\u011b mlet\u00fd v\u00e1penec o velikosti \u010d\u00e1stic p\u0159i d90 = 25,1 mikron\u016f (0,0251 mm) na tryskov\u00e9m ml\u00fdnu FIMILL pro ov\u011b\u0159en\u00ed funk\u010dnosti a \u00fa\u010dinnosti mlet\u00ed. Pr\u016fb\u011bh a v\u00fdsledek Mikronizovan\u00fd v\u00e1penec o velikosti \u010d\u00e1stic p\u0159i d90<\/p>\n<p class=\"link-more\"><a class=\"myButt\" href=\"https:\/\/www.fimill.com\/index.php\/mikronizace-jemne-mleteho-vapence\/\">Read More<\/a><\/p>\n","protected":false},"author":1,"featured_media":0,"parent":0,"menu_order":0,"comment_status":"closed","ping_status":"closed","template":"","meta":{"_monsterinsights_skip_tracking":false,"_monsterinsights_sitenote_active":false,"_monsterinsights_sitenote_note":"","_monsterinsights_sitenote_category":0,"_uf_show_specific_survey":0,"_uf_disable_surveys":false,"_kadence_starter_templates_imported_post":false,"footnotes":""},"class_list":["post-11252","page","type-page","status-publish","hentry"],"_links":{"self":[{"href":"https:\/\/www.fimill.com\/index.php\/wp-json\/wp\/v2\/pages\/11252","targetHints":{"allow":["GET"]}}],"collection":[{"href":"https:\/\/www.fimill.com\/index.php\/wp-json\/wp\/v2\/pages"}],"about":[{"href":"https:\/\/www.fimill.com\/index.php\/wp-json\/wp\/v2\/types\/page"}],"author":[{"embeddable":true,"href":"https:\/\/www.fimill.com\/index.php\/wp-json\/wp\/v2\/users\/1"}],"replies":[{"embeddable":true,"href":"https:\/\/www.fimill.com\/index.php\/wp-json\/wp\/v2\/comments?post=11252"}],"version-history":[{"count":53,"href":"https:\/\/www.fimill.com\/index.php\/wp-json\/wp\/v2\/pages\/11252\/revisions"}],"predecessor-version":[{"id":12856,"href":"https:\/\/www.fimill.com\/index.php\/wp-json\/wp\/v2\/pages\/11252\/revisions\/12856"}],"wp:attachment":[{"href":"https:\/\/www.fimill.com\/index.php\/wp-json\/wp\/v2\/media?parent=11252"}],"curies":[{"name":"wp","href":"https:\/\/api.w.org\/{rel}","templated":true}]}}